{"id":12428,"date":"2016-08-30T23:13:10","date_gmt":"2016-08-30T20:13:10","guid":{"rendered":"http:\/\/aemfinlandtest.wpengine.com\/?page_id=12428&#038;lang=fi"},"modified":"2026-01-07T12:37:06","modified_gmt":"2026-01-07T10:37:06","slug":"urat","status":"publish","type":"page","link":"https:\/\/agnicoeagle.fi\/fi\/urat\/","title":{"rendered":"Ty\u00f6paikat"},"content":{"rendered":"<div class=\"fusion-fullwidth fullwidth-box fusion-builder-row-1 hundred-percent-fullwidth non-hundred-percent-height-scrolling\" style=\"--awb-border-radius-top-left:0px;--awb-border-radius-top-right:0px;--awb-border-radius-bottom-right:0px;--awb-border-radius-bottom-left:0px;--awb-overflow:visible;--awb-flex-wrap:wrap;\" ><div class=\"fusion-builder-row fusion-row\"><div class=\"fusion-layout-column fusion_builder_column fusion-builder-column-0 fusion_builder_column_1_2 1_2 fusion-one-half fusion-column-first\" style=\"--awb-bg-size:cover;width:50%;width:calc(50% - ( ( 4% ) * 0.5 ) );margin-right: 4%;\"><div class=\"fusion-column-wrapper fusion-column-has-shadow fusion-flex-column-wrapper-legacy\"><div class=\"fusion-title title fusion-title-1 fusion-title-text fusion-title-size-one\" style=\"--awb-margin-top-small:0px;--awb-margin-right-small:0px;--awb-margin-bottom-small:20px;--awb-margin-left-small:0px;\"><h1 class=\"fusion-title-heading title-heading-left fusion-responsive-typography-calculated\" style=\"margin:0;--fontSize:33;line-height:1.45;\">Ty\u00f6paikat<\/h1><span class=\"awb-title-spacer\"><\/span><div class=\"title-sep-container\"><div class=\"title-sep sep-double sep-solid\" style=\"border-color:#e0dede;\"><\/div><\/div><\/div><div class=\"fusion-text fusion-text-1\"><p>Kaikki avoimet ty\u00f6paikkamme n\u00e4et\u00a0rekrytointisivullamme \u2013\u00a0<a href=\"https:\/\/agnicoeagle.taleo.net\/careersection\/2\/jobsearch.ftl?lang=fi\">klikkaa t\u00e4st\u00e4<\/a>!<\/p>\n<h3>Viet\u00e4 kes\u00e4 2026 Kittil\u00e4n kultakaivoksella ja Lapin luonnossa!<\/h3>\n<p>Tarjoamme kes\u00e4ty\u00f6paikkoja eri alojen opiskelijoille. Kes\u00e4ty\u00f6jaksot kest\u00e4v\u00e4t teht\u00e4v\u00e4st\u00e4 ja tiimist\u00e4 riippuen 2\u20135 kuukautta ja sijoittuvat kes\u00e4lomakaudelle huhtikuun ja syyskuun v\u00e4liselle ajalle.<\/p>\n<h3>Agnico Eagle Finland ja Kittil\u00e4n kaivos<\/h3>\n<p>Kittil\u00e4n kaivos on Euroopan suurin kultakaivos. Tavoitteemme on olla turvallinen, terveellinen ja osallistava ty\u00f6yhteis\u00f6, jonka toiminta perustuu Agnico Eaglen viiteen perusarvoon. Voit lukea arvoistamme lis\u00e4\u00e4\u00a0<a href=\"https:\/\/agnicoeagle.fi\/fi\/tietoa-meista\/\">t\u00e4\u00e4lt\u00e4<\/a>, ja kest\u00e4v\u00e4n kehityksen periaatteistamme\u00a0<a href=\"https:\/\/agnicoeagle.fi\/fi\/kestavyys\/\">t\u00e4\u00e4lt\u00e4<\/a>.<\/p>\n<p>Kittil\u00e4n kaivoksella ty\u00f6skentelee noin 500 Agnico Eaglen omaa ty\u00f6ntekij\u00e4\u00e4 ja l\u00e4hes 500 urakoitsijoiden ty\u00f6ntekij\u00e4\u00e4. Maanalaisen kaivoksen ja rikastamon henkil\u00f6st\u00f6n lis\u00e4ksi ty\u00f6llist\u00e4mme muun muassa kunnossapidon, IT-alan ja turvallisuus- ja ymp\u00e4rist\u00f6alan ammattilaisia.<\/p>\n<h3>Haemme kes\u00e4ksi 2026 muun muassa<\/h3>\n<ul>\n<li>prosessity\u00f6ntekij\u00f6it\u00e4, laboratorioteknikoita ja metallurgeja rikastamolle<\/li>\n<li>kes\u00e4ty\u00f6ntekij\u00f6it\u00e4 kiinteist\u00f6huoltoon ja varastolle<\/li>\n<li>insin\u00f6\u00f6riopiskelijoita ICT- ja automaatiotiimiin, s\u00e4hk\u00f6tiimiin, maanalaisen kaivoksen ja rikastamon kunnossapitoon sek\u00e4 eri osastojen ty\u00f6njohtoteht\u00e4viin<\/li>\n<li>geologian opiskelijoita malminetsint\u00e4\u00e4n, n\u00e4ytteenk\u00e4sittelyyn ja kaivoksen geologiseen tiimiin<\/li>\n<li>kes\u00e4ty\u00f6ntekij\u00f6it\u00e4 on osto- ja ymp\u00e4rist\u00f6tiimiin.<\/li>\n<\/ul>\n<h3>Kun tulet meille kes\u00e4t\u00f6ihin, saat<\/h3>\n<ul>\n<li>oman alan ty\u00f6kokemusta mielenkiintoisten teht\u00e4vien parissa, vastuuta osaamisesi mukaan ja tiimin tuen uuden oppimisessa<\/li>\n<li>ainutlaatuisen ty\u00f6skentely-ymp\u00e4rist\u00f6n kultakaivoksella<\/li>\n<li>apua asunnon hankintaan<\/li>\n<li>edullisen bussikuljetuksen Kittil\u00e4st\u00e4 Levin kautta kaivokselle p\u00e4iv\u00e4ty\u00f6t\u00e4 tai 10 tunnin p\u00e4iv\u00e4vuoroa tekeville<\/li>\n<li>Levin hissilippuja ja golf-pelivuoroja<\/li>\n<li>edulliset kuntosaliliput ja alennuksen kylpyl\u00e4lippuihin Levill\u00e4<\/li>\n<li>mahdollisuuden nauttia Lapin kes\u00e4st\u00e4 ja upeasta luonnosta sek\u00e4 Levin palveluista, kuten tapahtumista ja monipuolisista liikunta- ja ulkoilumahdollisuuksista<\/li>\n<li>mahdollisuuden hy\u00f6dynt\u00e4\u00e4 hyvi\u00e4 kulkuyhteyksi\u00e4 muualle Suomeen lent\u00e4en ja junalla sek\u00e4 bussiyhteyksi\u00e4 my\u00f6s Norjaan.<\/li>\n<\/ul>\n<h3>Kiinnostuitko?<\/h3>\n<p>Kaikki kes\u00e4ty\u00f6ilmoitukset ovat\u00a0<a href=\"https:\/\/agnicoeagle.taleo.net\/careersection\/2\/jobsearch.ftl?lang=fi\">rekrytointisivullamme<\/a>, jossa voit j\u00e4tt\u00e4\u00e4 hakemuksesi. Kes\u00e4ty\u00f6paikkojen hakuaika p\u00e4\u00e4ttyy\u00a0sunnuntaina 1.2.2026. Toimi nopeasti, sill\u00e4 k\u00e4ymme hakemuksia l\u00e4pi jo hakuaikana.<\/p>\n<\/div><div class=\"fusion-clearfix\"><\/div><\/div><\/div><div class=\"fusion-layout-column fusion_builder_column fusion-builder-column-1 fusion_builder_column_1_2 1_2 fusion-one-half fusion-column-last\" style=\"--awb-bg-size:cover;width:50%;width:calc(50% - ( ( 4% ) * 0.5 ) );\"><div class=\"fusion-column-wrapper fusion-column-has-shadow fusion-flex-column-wrapper-legacy\"><div class=\"fusion-video fusion-youtube\" style=\"--awb-max-width:600px;--awb-max-height:360px;\"><div class=\"video-shortcode\"><div class=\"fluid-width-video-wrapper\" style=\"padding-top:60%;\" ><iframe class=\"fusion-hidden\" data-privacy-type=\"youtube\" src=\"\" title=\"YouTube video player 1\" data-privacy-src=\"https:\/\/www.youtube.com\/embed\/DgLBkrJ-dOQ?wmode=transparent&autoplay=0\" width=\"600\" height=\"360\" allowfullscreen allow=\"autoplay; clipboard-write; encrypted-media; gyroscope; picture-in-picture;\"><\/iframe><div class=\"fusion-privacy-placeholder\" style=\"width:600px; height:360px;\" data-privacy-type=\"youtube\"><div class=\"fusion-privacy-placeholder-content\"><div class=\"fusion-privacy-label\">For privacy reasons YouTube needs your permission to be loaded. For more details, please see our <a class=\"privacy-policy-link\" href=\"https:\/\/agnicoeagle.fi\/privacy-policy\/\" rel=\"privacy-policy\">Privacy Policy<\/a>.<\/div><button data-privacy-type=\"youtube\" class=\"fusion-button button-default fusion-button-default-size button fusion-privacy-consent\">I Accept<\/button><\/div><\/div><\/div><\/div><\/div><div class=\"fusion-sep-clear\"><\/div><div class=\"fusion-separator fusion-full-width-sep\" style=\"margin-left: auto;margin-right: auto;width:100%;\"><div class=\"fusion-separator-border sep-single sep-solid\" style=\"--awb-height:20px;--awb-amount:20px;--awb-sep-color:rgba(224,222,222,0);border-color:rgba(224,222,222,0);border-top-width:40px;\"><\/div><\/div><div class=\"fusion-sep-clear\"><\/div><div class=\"fusion-clearfix\"><\/div><\/div><\/div><\/div><\/div>\n","protected":false},"excerpt":{"rendered":"","protected":false},"author":9,"featured_media":0,"parent":0,"menu_order":0,"comment_status":"closed","ping_status":"closed","template":"","meta":{"_bbp_topic_count":0,"_bbp_reply_count":0,"_bbp_total_topic_count":0,"_bbp_total_reply_count":0,"_bbp_voice_count":0,"_bbp_anonymous_reply_count":0,"_bbp_topic_count_hidden":0,"_bbp_reply_count_hidden":0,"_bbp_forum_subforum_count":0,"footnotes":""},"class_list":["post-12428","page","type-page","status-publish","hentry"],"_links":{"self":[{"href":"https:\/\/agnicoeagle.fi\/fi\/wp-json\/wp\/v2\/pages\/12428","targetHints":{"allow":["GET"]}}],"collection":[{"href":"https:\/\/agnicoeagle.fi\/fi\/wp-json\/wp\/v2\/pages"}],"about":[{"href":"https:\/\/agnicoeagle.fi\/fi\/wp-json\/wp\/v2\/types\/page"}],"author":[{"embeddable":true,"href":"https:\/\/agnicoeagle.fi\/fi\/wp-json\/wp\/v2\/users\/9"}],"replies":[{"embeddable":true,"href":"https:\/\/agnicoeagle.fi\/fi\/wp-json\/wp\/v2\/comments?post=12428"}],"version-history":[{"count":0,"href":"https:\/\/agnicoeagle.fi\/fi\/wp-json\/wp\/v2\/pages\/12428\/revisions"}],"wp:attachment":[{"href":"https:\/\/agnicoeagle.fi\/fi\/wp-json\/wp\/v2\/media?parent=12428"}],"curies":[{"name":"wp","href":"https:\/\/api.w.org\/{rel}","templated":true}]}}