{"id":12431,"date":"2016-10-10T10:12:24","date_gmt":"2016-10-10T07:12:24","guid":{"rendered":"http:\/\/aemfinlandtest.wpengine.com\/?page_id=12431&#038;lang=fi"},"modified":"2024-12-23T19:10:40","modified_gmt":"2024-12-23T17:10:40","slug":"aloitussivu","status":"publish","type":"page","link":"https:\/\/agnicoeagle.fi\/fi\/","title":{"rendered":"Aloitussivu"},"content":{"rendered":"<p><div class=\"fusion-fullwidth fullwidth-box fusion-builder-row-1 nonhundred-percent-fullwidth non-hundred-percent-height-scrolling\" style=\"--awb-border-sizes-top:0px;--awb-border-sizes-bottom:0px;--awb-border-sizes-left:0px;--awb-border-sizes-right:0px;--awb-border-radius-top-left:0px;--awb-border-radius-top-right:0px;--awb-border-radius-bottom-right:0px;--awb-border-radius-bottom-left:0px;--awb-padding-top:110px;--awb-padding-bottom:40px;--awb-flex-wrap:wrap;\" ><div class=\"fusion-builder-row fusion-row\"><div class=\"fusion-layout-column fusion_builder_column fusion-builder-column-0 fusion_builder_column_1_1 1_1 fusion-one-full fusion-column-first fusion-column-last fusion-column-no-min-height\" style=\"--awb-bg-size:cover;--awb-margin-bottom:0px;\"><div class=\"fusion-column-wrapper fusion-flex-column-wrapper-legacy\"><div class=\"fusion-text fusion-text-1\"><h2 style=\"text-align: center; font-size: 30px; line-height: 40px;\"><\/h2>\n<h2 style=\"text-align: center; font-size: 30px; line-height: 40px;\">Menestymme yhdess\u00e4 lappilaisten kanssa.<\/h2>\n<\/div><div class=\"fusion-text fusion-text-2\"><p style=\"text-align: center; font-size: 18px; line-height: 29px;\">Ei ole kyse vain yhti\u00f6st\u00e4, ty\u00f6ntekij\u00f6ist\u00e4 ja kultaesiintym\u00e4st\u00e4, vaan ihmisist\u00e4, perheist\u00e4 ja kotiseudusta.\u00a0Yli puolet ty\u00f6ntekij\u00f6ist\u00e4mme on kittil\u00e4l\u00e4isi\u00e4 ja yli 90 prosenttia lappilaisia.<\/p>\n<\/div><div class=\"fusion-clearfix\"><\/div><\/div><\/div><\/div><\/div><div class=\"fusion-fullwidth fullwidth-box fusion-builder-row-2 nonhundred-percent-fullwidth non-hundred-percent-height-scrolling\" style=\"--awb-border-radius-top-left:0px;--awb-border-radius-top-right:0px;--awb-border-radius-bottom-right:0px;--awb-border-radius-bottom-left:0px;--awb-padding-top:10px;--awb-padding-bottom:0px;--awb-background-color:#009cde;--awb-flex-wrap:wrap;\" ><div class=\"fusion-builder-row fusion-row\"><div class=\"fusion-layout-column fusion_builder_column fusion-builder-column-1 fusion_builder_column_1_1 1_1 fusion-one-full fusion-column-first fusion-column-last\" style=\"--awb-bg-size:cover;\"><div class=\"fusion-column-wrapper fusion-flex-column-wrapper-legacy\"><div class=\"fusion-title title fusion-title-1 fusion-sep-none fusion-title-center fusion-title-text fusion-title-size-one\" style=\"--awb-margin-bottom:0px;--awb-margin-top-small:0px;--awb-margin-right-small:0px;--awb-margin-bottom-small:20px;--awb-margin-left-small:0px;\"><h1 class=\"fusion-title-heading title-heading-center fusion-responsive-typography-calculated\" style=\"margin:0;--fontSize:33;line-height:1.45;\"><span style=\"color: #ffffff;\"><a style=\"color: #ffffff;\" href=\"https:\/\/agnicoeagle.fi\/fi\/uutiset-ja-tiedotteet\/?lang=fi\">Uutiset ja tiedotteet<\/a><\/span><\/h1><\/div><div class=\"fusion-clearfix\"><\/div><\/div><\/div><\/div><\/div><div class=\"fusion-fullwidth fullwidth-box fusion-builder-row-3 hundred-percent-fullwidth non-hundred-percent-height-scrolling\" style=\"--awb-border-radius-top-left:0px;--awb-border-radius-top-right:0px;--awb-border-radius-bottom-right:0px;--awb-border-radius-bottom-left:0px;--awb-padding-top:0px;--awb-padding-bottom:20px;--awb-background-color:rgba(255,255,255,0);--awb-flex-wrap:wrap;\" ><div class=\"fusion-builder-row fusion-row\"><div class=\"fusion-layout-column fusion_builder_column fusion-builder-column-2 fusion_builder_column_1_1 1_1 fusion-one-full fusion-column-first fusion-column-last fusion-column-no-min-height\" style=\"--awb-bg-size:cover;--awb-margin-bottom:0px;\"><div class=\"fusion-column-wrapper fusion-flex-column-wrapper-legacy\"><div class=\"fusion-section-separator section-separator triangle fusion-section-separator-1\" style=\"--awb-border-bottom:0px solid #ffffff;--awb-spacer-height:0px;--awb-svg-margin-left:0;--awb-svg-margin-right:0;--awb-icon-color:#ffffff;\"><div class=\"fusion-section-separator-svg\"><div class=\"divider-candy-arrow bottom\" style=\"top:0px;border-top-color: #009cde;\"><\/div><div class=\"divider-candy bottom\" style=\"bottom:-20px;border-bottom:1px solid #ffffff;border-left:1px solid #ffffff;\"><\/div><\/div><div class=\"fusion-section-separator-spacer\"><div class=\"fusion-section-separator-spacer-height\"><\/div><\/div><\/div><div class=\"fusion-clearfix\"><\/div><\/div><\/div><\/div><\/div><div class=\"fusion-fullwidth fullwidth-box fusion-builder-row-4 nonhundred-percent-fullwidth non-hundred-percent-height-scrolling\" style=\"--awb-border-radius-top-left:0px;--awb-border-radius-top-right:0px;--awb-border-radius-bottom-right:0px;--awb-border-radius-bottom-left:0px;--awb-padding-top:20px;--awb-padding-bottom:20px;--awb-flex-wrap:wrap;\" ><div class=\"fusion-builder-row fusion-row\"><div class=\"fusion-layout-column fusion_builder_column fusion-builder-column-3 fusion_builder_column_1_1 1_1 fusion-one-full fusion-column-first fusion-column-last\" style=\"--awb-bg-size:cover;--awb-margin-bottom:0px;\"><div class=\"fusion-column-wrapper fusion-flex-column-wrapper-legacy\"><div class=\"fusion-recent-posts fusion-recent-posts-1 avada-container layout-default layout-columns-3\"><section class=\"fusion-columns columns fusion-columns-3 columns-3\"><article class=\"post fusion-column column col col-lg-4 col-md-4 col-sm-4\"><div class=\"fusion-flexslider fusion-flexslider-loading flexslider flexslider-hover-type-zoomin\"><ul class=\"slides\"><li><a href=\"https:\/\/agnicoeagle.fi\/fi\/kittilan-kaivos-vahvistaa-lapin-aluetaloutta\/\" aria-label=\"Kittil\u00e4n kaivos vahvistaa Lapin aluetaloutta\" class=\"hover-type-zoomin\"><img decoding=\"async\" width=\"700\" height=\"441\" src=\"https:\/\/agnicoeagle.fi\/wp-content\/uploads\/2026\/02\/260213_verkkosivu-700x441.jpg\" class=\"attachment-recent-posts size-recent-posts\" alt=\"\" srcset=\"https:\/\/agnicoeagle.fi\/wp-content\/uploads\/2026\/02\/260213_verkkosivu-320x202.jpg 320w, https:\/\/agnicoeagle.fi\/wp-content\/uploads\/2026\/02\/260213_verkkosivu-700x441.jpg 700w\" sizes=\"(max-width: 700px) 100vw, 700px\" \/><\/a><\/li><\/ul><\/div><div class=\"recent-posts-content\"><span class=\"vcard\" style=\"display: none;\"><span class=\"fn\"><a href=\"https:\/\/agnicoeagle.fi\/fi\/author\/birgitta-brusila\/\" title=\"Kirjoittanut: Birgitta Brusila\" rel=\"author\">Birgitta Brusila<\/a><\/span><\/span><span class=\"updated\" style=\"display:none;\">2026-02-13T12:33:14+02:00<\/span><h4 class=\"entry-title\"><a href=\"https:\/\/agnicoeagle.fi\/fi\/kittilan-kaivos-vahvistaa-lapin-aluetaloutta\/\">Kittil\u00e4n kaivos vahvistaa Lapin aluetaloutta<\/a><\/h4><p>13.2.2026 Agnico Eagle Finlandin Kittil\u00e4n kaivoksella on merkitt\u00e4v\u00e4 vaikutus Kittil\u00e4n ja koko Lapin aluetalouteen. Vuonna 2025 yhti\u00f6n verojalanj\u00e4lki kasvoi 111 miljoonaan euroon, mik\u00e4 kuvastaa kaivostoiminnan roolia Kittil\u00e4ss\u00e4, Lapissa sek\u00e4 aluetaloudessa laajemminkin. Verojalanj\u00e4lke\u00e4 (veroja ja veroluontoisia [...]<\/p><\/div><\/article><article class=\"post fusion-column column col col-lg-4 col-md-4 col-sm-4\"><div class=\"fusion-flexslider fusion-flexslider-loading flexslider flexslider-hover-type-zoomin\"><ul class=\"slides\"><li><a href=\"https:\/\/agnicoeagle.fi\/fi\/yhteistyoryhman-lahjoituskohteet-2025\/\" aria-label=\"Agnico Eagle Finlandin yhteisty\u00f6ryhm\u00e4n vuoden 2025 lahjoituskohteet valittu\" class=\"hover-type-zoomin\"><img decoding=\"async\" width=\"700\" height=\"441\" src=\"https:\/\/agnicoeagle.fi\/wp-content\/uploads\/2026\/01\/260114_verkkosivu_maisema_tulet-700x441.png\" class=\"attachment-recent-posts size-recent-posts\" alt=\"\" srcset=\"https:\/\/agnicoeagle.fi\/wp-content\/uploads\/2026\/01\/260114_verkkosivu_maisema_tulet-320x202.png 320w, https:\/\/agnicoeagle.fi\/wp-content\/uploads\/2026\/01\/260114_verkkosivu_maisema_tulet-700x441.png 700w\" sizes=\"(max-width: 700px) 100vw, 700px\" \/><\/a><\/li><\/ul><\/div><div class=\"recent-posts-content\"><span class=\"vcard\" style=\"display: none;\"><span class=\"fn\"><a href=\"https:\/\/agnicoeagle.fi\/fi\/author\/birgitta-brusila\/\" title=\"Kirjoittanut: Birgitta Brusila\" rel=\"author\">Birgitta Brusila<\/a><\/span><\/span><span class=\"updated\" style=\"display:none;\">2026-01-14T15:37:18+02:00<\/span><h4 class=\"entry-title\"><a href=\"https:\/\/agnicoeagle.fi\/fi\/yhteistyoryhman-lahjoituskohteet-2025\/\">Agnico Eagle Finlandin yhteisty\u00f6ryhm\u00e4n vuoden 2025 lahjoituskohteet valittu<\/a><\/h4><p>14.1.2026 Agnico Eagle Finlandin yhteisty\u00f6ryhm\u00e4 valitsi joulukuussa kaksi paikallista lahjoituskohdetta vuodelle 2025: syd\u00e4niskurien hankinnan Kittil\u00e4n kylien turvaksi sek\u00e4 toiminta-avustuksen Kittil\u00e4n Ihmiset ry:lle. Tavoitteena oli l\u00f6yt\u00e4\u00e4 kohteita, jotka tukevat Kittil\u00e4n alueen asukkaiden hyvinvointia, tuovat konkreettista hy\u00f6ty\u00e4 [...]<\/p><\/div><\/article><article class=\"post fusion-column column col col-lg-4 col-md-4 col-sm-4\"><div class=\"fusion-flexslider fusion-flexslider-loading flexslider flexslider-hover-type-zoomin\"><ul class=\"slides\"><li><a href=\"https:\/\/agnicoeagle.fi\/fi\/agnico-eagle-finland-muutosneuvottelut\/\" aria-label=\"Agnico Eagle Finland Oy:n muutosneuvottelut on saatu p\u00e4\u00e4t\u00f6kseen\" class=\"hover-type-zoomin\"><img decoding=\"async\" width=\"700\" height=\"441\" src=\"https:\/\/agnicoeagle.fi\/wp-content\/uploads\/2025\/11\/251125_muutosneuvottelut_paattyneet_web1-700x441.png\" class=\"attachment-recent-posts size-recent-posts\" alt=\"\" srcset=\"https:\/\/agnicoeagle.fi\/wp-content\/uploads\/2025\/11\/251125_muutosneuvottelut_paattyneet_web1-320x202.png 320w, https:\/\/agnicoeagle.fi\/wp-content\/uploads\/2025\/11\/251125_muutosneuvottelut_paattyneet_web1-700x441.png 700w\" sizes=\"(max-width: 700px) 100vw, 700px\" \/><\/a><\/li><\/ul><\/div><div class=\"recent-posts-content\"><span class=\"vcard\" style=\"display: none;\"><span class=\"fn\"><a href=\"https:\/\/agnicoeagle.fi\/fi\/author\/birgitta-brusila\/\" title=\"Kirjoittanut: Birgitta Brusila\" rel=\"author\">Birgitta Brusila<\/a><\/span><\/span><span class=\"updated\" style=\"display:none;\">2025-11-25T14:18:44+02:00<\/span><h4 class=\"entry-title\"><a href=\"https:\/\/agnicoeagle.fi\/fi\/agnico-eagle-finland-muutosneuvottelut\/\">Agnico Eagle Finland Oy:n muutosneuvottelut on saatu p\u00e4\u00e4t\u00f6kseen<\/a><\/h4><p>25.11.2025 Agnico Eagle Finland Oy:n muutosneuvottelut on saatu p\u00e4\u00e4t\u00f6kseen. Muutosneuvottelut k\u00e4ytiin rakentavassa hengess\u00e4, ja luottamusmiehet toivat neuvotteluihin k\u00e4sitelt\u00e4v\u00e4ksi runsaasti vaihtoehtoja henkil\u00f6st\u00f6vaikutusten pienent\u00e4miseksi. Muutosneuvottelujen tavoitteena oli yhdess\u00e4 henkil\u00f6st\u00f6n kanssa l\u00f6yt\u00e4\u00e4 keinoja niin kustannustehokkuuden parantamiseen kuin toiminnan [...]<\/p><\/div><\/article><\/section><\/div><div class=\"fusion-clearfix\"><\/div><\/div><\/div><\/div><\/div><div class=\"fusion-bg-parallax\" data-bg-align=\"center center\" data-direction=\"up\" data-mute=\"false\" data-opacity=\"100\" data-velocity=\"-0.6\" data-mobile-enabled=\"false\" data-break_parents=\"0\" data-bg-image=\"https:\/\/agnicoeagle.fi\/wp-content\/uploads\/2014\/11\/Kittila-Banner-Shaded-300x169.jpg\" data-bg-repeat=\"false\" ><\/div><div class=\"fusion-fullwidth fullwidth-box fusion-builder-row-5 fusion-parallax-up nonhundred-percent-fullwidth non-hundred-percent-height-scrolling fusion-equal-height-columns fusion-no-small-visibility fwcHome\" style=\"--awb-border-sizes-top:0px;--awb-border-sizes-bottom:0px;--awb-border-sizes-left:0px;--awb-border-sizes-right:0px;--awb-border-radius-top-left:0px;--awb-border-radius-top-right:0px;--awb-border-radius-bottom-right:0px;--awb-border-radius-bottom-left:0px;--awb-padding-top:95px;--awb-padding-bottom:100px;--awb-background-image:url(&quot;https:\/\/agnicoeagle.fi\/wp-content\/uploads\/2014\/11\/Kittila-Banner-Shaded-300x169.jpg&quot;);--awb-background-size:cover;--awb-flex-wrap:wrap;\" ><div class=\"fusion-builder-row fusion-row\"><div class=\"fusion-layout-column fusion_builder_column fusion-builder-column-4 fusion_builder_column_1_3 1_3 fusion-one-third fusion-column-first\" style=\"--awb-padding-top:30px;--awb-padding-right:30px;--awb-padding-bottom:30px;--awb-padding-left:30px;--awb-bg-color:rgba(255,255,255,.9);--awb-bg-color-hover:rgba(255,255,255,.9);--awb-bg-size:cover;width:30.6666%; margin-right: 4%;\"><div class=\"fusion-column-wrapper fusion-flex-column-wrapper-legacy\"><div class=\"fusion-image-element fusion-image-align-center in-legacy-container\" style=\"text-align:center;--awb-caption-title-font-family:var(--h2_typography-font-family);--awb-caption-title-font-weight:var(--h2_typography-font-weight);--awb-caption-title-font-style:var(--h2_typography-font-style);--awb-caption-title-size:var(--h2_typography-font-size);--awb-caption-title-transform:var(--h2_typography-text-transform);--awb-caption-title-line-height:var(--h2_typography-line-height);--awb-caption-title-letter-spacing:var(--h2_typography-letter-spacing);\"><div class=\"imageframe-align-center\"><span class=\" fusion-imageframe imageframe-none imageframe-1 hover-type-zoomin\" style=\"border:10px solid #63666a;\"><a class=\"fusion-no-lightbox\" href=\"https:\/\/agnicoeagle.fi\/fi\/tietoa-meista\/toiminta\/\" target=\"_self\" aria-label=\"Image Frame &#8211; Gold\"><img decoding=\"async\" width=\"300\" height=\"205\" alt=\"Ei kuvaa\" src=\"https:\/\/agnicoeagle.fi\/wp-content\/uploads\/2014\/11\/Image-Frame-Gold-300x205.jpg\" class=\"img-responsive wp-image-11839\" srcset=\"https:\/\/agnicoeagle.fi\/wp-content\/uploads\/2014\/11\/Image-Frame-Gold-200x137.jpg 200w, https:\/\/agnicoeagle.fi\/wp-content\/uploads\/2014\/11\/Image-Frame-Gold-400x274.jpg 400w, https:\/\/agnicoeagle.fi\/wp-content\/uploads\/2014\/11\/Image-Frame-Gold.jpg 437w\" sizes=\"(max-width: 800px) 100vw, 400px\" \/><\/a><\/span><\/div><\/div><div class=\"fusion-sep-clear\"><\/div><div class=\"fusion-separator fusion-full-width-sep\" style=\"margin-left: auto;margin-right: auto;margin-top:12px;margin-bottom:12px;width:100%;\"><\/div><div class=\"fusion-sep-clear\"><\/div><div class=\"fusion-text fusion-text-3\"><h2 style=\"text-align: center;\">Tuotanto<\/h2>\n<\/div><div class=\"fusion-sep-clear\"><\/div><div class=\"fusion-separator fusion-full-width-sep\" style=\"margin-left: auto;margin-right: auto;margin-top:-5px;margin-bottom:-5px;width:100%;\"><\/div><div class=\"fusion-sep-clear\"><\/div><div class=\"fusion-text fusion-text-4\"><p style=\"text-align: center;\">Agnico Eagle Finlandin tuotantotoiminnan keskipiste on Kittil\u00e4n kaivos, joka sijaitsee Lapin upeissa maisemissa.<\/p>\n<\/div><div class=\"fusion-clearfix\"><\/div><\/div><\/div><div class=\"fusion-layout-column fusion_builder_column fusion-builder-column-5 fusion_builder_column_1_3 1_3 fusion-one-third\" style=\"--awb-padding-top:30px;--awb-padding-right:30px;--awb-padding-bottom:30px;--awb-padding-left:30px;--awb-bg-color:rgba(255,255,255,.9);--awb-bg-color-hover:rgba(255,255,255,.9);--awb-bg-size:cover;width:30.6666%; margin-right: 4%;\"><div class=\"fusion-column-wrapper fusion-flex-column-wrapper-legacy\"><div class=\"fusion-image-element fusion-image-align-center in-legacy-container\" style=\"text-align:center;--awb-caption-title-font-family:var(--h2_typography-font-family);--awb-caption-title-font-weight:var(--h2_typography-font-weight);--awb-caption-title-font-style:var(--h2_typography-font-style);--awb-caption-title-size:var(--h2_typography-font-size);--awb-caption-title-transform:var(--h2_typography-text-transform);--awb-caption-title-line-height:var(--h2_typography-line-height);--awb-caption-title-letter-spacing:var(--h2_typography-letter-spacing);\"><div class=\"imageframe-align-center\"><span class=\" fusion-imageframe imageframe-none imageframe-2 hover-type-zoomin\" style=\"border:10px solid #63666a;\"><a class=\"fusion-no-lightbox\" href=\"https:\/\/agnicoeagle.fi\/fi\/tietoa-meista\/malminetsinta\/\" target=\"_self\" aria-label=\"Image Frame &#8211; Exploration\"><img decoding=\"async\" width=\"437\" height=\"299\" src=\"https:\/\/agnicoeagle.fi\/wp-content\/uploads\/2016\/12\/Image-Frame-Exploration.jpg\" alt class=\"img-responsive wp-image-12564\" srcset=\"https:\/\/agnicoeagle.fi\/wp-content\/uploads\/2016\/12\/Image-Frame-Exploration-200x137.jpg 200w, https:\/\/agnicoeagle.fi\/wp-content\/uploads\/2016\/12\/Image-Frame-Exploration-400x274.jpg 400w, https:\/\/agnicoeagle.fi\/wp-content\/uploads\/2016\/12\/Image-Frame-Exploration.jpg 437w\" sizes=\"(max-width: 800px) 100vw, 400px\" \/><\/a><\/span><\/div><\/div><div class=\"fusion-sep-clear\"><\/div><div class=\"fusion-separator fusion-full-width-sep\" style=\"margin-left: auto;margin-right: auto;margin-top:12px;margin-bottom:12px;width:100%;\"><\/div><div class=\"fusion-sep-clear\"><\/div><div class=\"fusion-text fusion-text-5\"><h2 style=\"text-align: center;\">Malminetsint\u00e4<\/h2>\n<\/div><div class=\"fusion-sep-clear\"><\/div><div class=\"fusion-separator fusion-full-width-sep\" style=\"margin-left: auto;margin-right: auto;margin-top:-5px;margin-bottom:-5px;width:100%;\"><\/div><div class=\"fusion-sep-clear\"><\/div><div class=\"fusion-text fusion-text-6\"><p style=\"text-align: center;\">Malminetsint\u00e4toimintamme on osa Agnico Eaglen maailmanlaajuista malminetsint\u00e4ohjelmaa.<\/p>\n<\/div><div class=\"fusion-clearfix\"><\/div><\/div><\/div><div class=\"fusion-layout-column fusion_builder_column fusion-builder-column-6 fusion_builder_column_1_3 1_3 fusion-one-third fusion-column-last\" style=\"--awb-padding-top:30px;--awb-padding-right:30px;--awb-padding-bottom:30px;--awb-padding-left:30px;--awb-bg-color:rgba(255,255,255,.9);--awb-bg-color-hover:rgba(255,255,255,.9);--awb-bg-size:cover;width:30.6666%;\"><div class=\"fusion-column-wrapper fusion-flex-column-wrapper-legacy\"><div class=\"fusion-image-element fusion-image-align-center in-legacy-container\" style=\"text-align:center;--awb-caption-title-font-family:var(--h2_typography-font-family);--awb-caption-title-font-weight:var(--h2_typography-font-weight);--awb-caption-title-font-style:var(--h2_typography-font-style);--awb-caption-title-size:var(--h2_typography-font-size);--awb-caption-title-transform:var(--h2_typography-text-transform);--awb-caption-title-line-height:var(--h2_typography-line-height);--awb-caption-title-letter-spacing:var(--h2_typography-letter-spacing);\"><div class=\"imageframe-align-center\"><span class=\" fusion-imageframe imageframe-none imageframe-3 hover-type-zoomin\" style=\"border:10px solid #63666a;\"><a class=\"fusion-no-lightbox\" href=\"https:\/\/agnicoeagle.fi\/fi\/kestavyys\/\" target=\"_self\" aria-label=\"Image Frame &#8211; Blue Hat\"><img decoding=\"async\" width=\"437\" height=\"299\" src=\"https:\/\/agnicoeagle.fi\/wp-content\/uploads\/2016\/12\/Image-Frame-Blue-Hat.jpg\" alt class=\"img-responsive wp-image-12563\" srcset=\"https:\/\/agnicoeagle.fi\/wp-content\/uploads\/2016\/12\/Image-Frame-Blue-Hat-200x137.jpg 200w, https:\/\/agnicoeagle.fi\/wp-content\/uploads\/2016\/12\/Image-Frame-Blue-Hat-400x274.jpg 400w, https:\/\/agnicoeagle.fi\/wp-content\/uploads\/2016\/12\/Image-Frame-Blue-Hat.jpg 437w\" sizes=\"(max-width: 800px) 100vw, 400px\" \/><\/a><\/span><\/div><\/div><div class=\"fusion-sep-clear\"><\/div><div class=\"fusion-separator fusion-full-width-sep\" style=\"margin-left: auto;margin-right: auto;margin-top:12px;margin-bottom:12px;width:100%;\"><\/div><div class=\"fusion-sep-clear\"><\/div><div class=\"fusion-text fusion-text-7\"><h2 style=\"text-align: center;\">Kest\u00e4v\u00e4 kehitys<\/h2>\n<\/div><div class=\"fusion-sep-clear\"><\/div><div class=\"fusion-separator fusion-full-width-sep\" style=\"margin-left: auto;margin-right: auto;margin-top:-5px;margin-bottom:-5px;width:100%;\"><\/div><div class=\"fusion-sep-clear\"><\/div><div class=\"fusion-text fusion-text-8\"><p style=\"text-align: center;\">Menestyksemme riippuu hyvist\u00e4 yhteisty\u00f6suhteista paikallisten yhteis\u00f6jen,\u00a0viranomaisten ja ty\u00f6ntekij\u00f6ittemme kanssa.<\/p>\n<\/div><div class=\"fusion-clearfix\"><\/div><\/div><\/div><\/div><\/div><div class=\"fusion-fullwidth fullwidth-box fusion-builder-row-6 nonhundred-percent-fullwidth non-hundred-percent-height-scrolling\" style=\"--awb-background-position:left top;--awb-border-sizes-top:0px;--awb-border-sizes-bottom:0px;--awb-border-sizes-left:0px;--awb-border-sizes-right:0px;--awb-border-radius-top-left:0px;--awb-border-radius-top-right:0px;--awb-border-radius-bottom-right:0px;--awb-border-radius-bottom-left:0px;--awb-padding-top:55px;--awb-padding-bottom:40px;--awb-background-color:#009cde;--awb-flex-wrap:wrap;\" ><div class=\"fusion-builder-row fusion-row\"><div class=\"fusion-layout-column fusion_builder_column fusion-builder-column-7 fusion_builder_column_1_1 1_1 fusion-one-full fusion-column-first fusion-column-last fusion-column-no-min-height\" style=\"--awb-bg-size:cover;--awb-margin-bottom:0px;\"><div class=\"fusion-column-wrapper fusion-flex-column-wrapper-legacy\"><div class=\"fusion-text fusion-text-9\"><h2 style=\"text-align: center; font-size: 30px; line-height: 40px;\"><span style=\"color: #ffffff;\">Liity kasvavaan joukkoomme!<\/span><\/h2>\n<\/div><div class=\"fusion-clearfix\"><\/div><\/div><\/div><\/div><\/div><div class=\"fusion-fullwidth fullwidth-box fusion-builder-row-7 hundred-percent-fullwidth non-hundred-percent-height-scrolling\" style=\"--awb-border-radius-top-left:0px;--awb-border-radius-top-right:0px;--awb-border-radius-bottom-right:0px;--awb-border-radius-bottom-left:0px;--awb-overflow:visible;--awb-padding-right:20px;--awb-padding-left:20px;--awb-flex-wrap:wrap;\" ><div class=\"fusion-builder-row fusion-row\"><div class=\"fusion-layout-column fusion_builder_column fusion-builder-column-8 fusion_builder_column_1_1 1_1 fusion-one-full fusion-column-first fusion-column-last fusion-column-no-min-height\" style=\"--awb-bg-size:cover;--awb-margin-bottom:0px;\"><div class=\"fusion-column-wrapper fusion-flex-column-wrapper-legacy\"><div class=\"fusion-section-separator section-separator triangle fusion-section-separator-2\" style=\"--awb-border-bottom:1px solid #009cde;--awb-spacer-height:1px;--awb-svg-margin-left:0;--awb-svg-margin-right:0;--awb-icon-color:#ffffff;\"><div class=\"fusion-section-separator-svg\"><div class=\"divider-candy-arrow bottom\" style=\"top:0px;border-top-color: #009cde;\"><\/div><div class=\"divider-candy bottom\" style=\"bottom:-21px;border-bottom:1px solid #009cde;border-left:1px solid #009cde;\"><\/div><\/div><div class=\"fusion-section-separator-spacer\"><div class=\"fusion-section-separator-spacer-height\"><\/div><\/div><\/div><div class=\"fusion-clearfix\"><\/div><\/div><\/div><div class=\"fusion-layout-column fusion_builder_column fusion-builder-column-9 fusion_builder_column_1_1 1_1 fusion-one-full fusion-column-first fusion-column-last fusion-column-no-min-height\" style=\"--awb-bg-size:cover;--awb-margin-bottom:0px;\"><div class=\"fusion-column-wrapper fusion-flex-column-wrapper-legacy\">\n\t\t\t\t<p class=\"rs-p-wp-fix\"><\/p>\n\t\t\t\t<sr7-module data-alias=\"career_fi\" data-id=\"12\" id=\"SR7_12_1\" class=\"rs-ov-hidden\" data-version=\"6.7.52\">\n\t\t\t\t\t<sr7-adjuster><\/sr7-adjuster>\n\t\t\t\t\t<sr7-content>\n\t\t\t\t\t\t<sr7-slide id=\"SR7_12_1-10\" data-key=\"10\">\n\t\t\t\t\t\t\t<sr7-txt id=\"SR7_12_1-10-5\" class=\"sr7-layer\">Paljon enemm\u00e4n <br>kuin ty\u00f6paikka.<\/sr7-txt>\n\t\t\t\t\t\t<\/sr7-slide>\n\t\t\t\t\t<\/sr7-content>\n\t\t\t\t\t<image_lists style=\"display:none\">\n\t\t\t\t\t\t<img data-src=\"\/\/agnicoeagle.fi\/wp-content\/uploads\/2016\/12\/E4c.png\" data-libid=\"12535\" title=\"e4c\" width=\"0\" height=\"0\" data-dbsrc=\"Ly9hZ25pY29lYWdsZS5maS93cC1jb250ZW50L3VwbG9hZHMvMjAxNi8xMi9FNGMucG5n\"\/>\n\t\t\t\t\t\t<img data-src=\"\/\/agnicoeagle.fi\/wp-content\/uploads\/2016\/12\/E3c.png\" data-libid=\"12534\" title=\"e3c\" width=\"0\" height=\"0\" data-dbsrc=\"Ly9hZ25pY29lYWdsZS5maS93cC1jb250ZW50L3VwbG9hZHMvMjAxNi8xMi9FM2MucG5n\"\/>\n\t\t\t\t\t\t<img data-src=\"\/\/agnicoeagle.fi\/wp-content\/uploads\/2016\/12\/E1co.png\" data-libid=\"12536\" title=\"e1co\" width=\"0\" height=\"0\" data-dbsrc=\"Ly9hZ25pY29lYWdsZS5maS93cC1jb250ZW50L3VwbG9hZHMvMjAxNi8xMi9FMWNvLnBuZw==\"\/>\n\t\t\t\t\t\t<img data-src=\"\/\/agnicoeagle.fi\/wp-content\/uploads\/2016\/12\/E2c.png\" data-libid=\"12533\" title=\"e2c\" width=\"0\" height=\"0\" data-dbsrc=\"Ly9hZ25pY29lYWdsZS5maS93cC1jb250ZW50L3VwbG9hZHMvMjAxNi8xMi9FMmMucG5n\"\/>\n\t\t\t\t\t<\/image_lists>\n\t\t\t\t<\/sr7-module>\n\t\t\t\t<script>\n\t\t\t\t\twindow.SR7 ??={};SR7.PMH ??={}; SR7.PMH[\"SR7_12_1\"] = {cn:100,state:false,fn: function() { if (window._tpt!==undefined && window._tpt.prepareModuleHeight !== undefined) {  _tpt.prepareModuleHeight({id:\"SR7_12_1\",type:'hero',shdw:'0',gh:[300,300,248,188,116],gw:[1240,1240,1024,778,480],vpt:['-200px'],size:{fullWidth:true, fullHeight:false},mh:'0',onh:0,onw:0,bg:{color:'{\"orig\":\"transparent\",\"type\":\"solid\",\"string\":\"transparent\"}'},plType:'0',plColor:'#FFFFFF'});   SR7.PMH[\"SR7_12_1\"].state=true;} else if(SR7.PMH[\"SR7_12_1\"].cn-->0)\tsetTimeout( SR7.PMH[\"SR7_12_1\"].fn,19);}};SR7.PMH[\"SR7_12_1\" ].fn();\n\t\t\t\t<\/script>\n<div class=\"fusion-clearfix\"><\/div><\/div><\/div><\/div><\/div><\/p>\n","protected":false},"excerpt":{"rendered":"","protected":false},"author":9,"featured_media":0,"parent":0,"menu_order":0,"comment_status":"closed","ping_status":"closed","template":"100-width.php","meta":{"_bbp_topic_count":0,"_bbp_reply_count":0,"_bbp_total_topic_count":0,"_bbp_total_reply_count":0,"_bbp_voice_count":0,"_bbp_anonymous_reply_count":0,"_bbp_topic_count_hidden":0,"_bbp_reply_count_hidden":0,"_bbp_forum_subforum_count":0,"footnotes":""},"class_list":["post-12431","page","type-page","status-publish","hentry"],"_links":{"self":[{"href":"https:\/\/agnicoeagle.fi\/fi\/wp-json\/wp\/v2\/pages\/12431","targetHints":{"allow":["GET"]}}],"collection":[{"href":"https:\/\/agnicoeagle.fi\/fi\/wp-json\/wp\/v2\/pages"}],"about":[{"href":"https:\/\/agnicoeagle.fi\/fi\/wp-json\/wp\/v2\/types\/page"}],"author":[{"embeddable":true,"href":"https:\/\/agnicoeagle.fi\/fi\/wp-json\/wp\/v2\/users\/9"}],"replies":[{"embeddable":true,"href":"https:\/\/agnicoeagle.fi\/fi\/wp-json\/wp\/v2\/comments?post=12431"}],"version-history":[{"count":0,"href":"https:\/\/agnicoeagle.fi\/fi\/wp-json\/wp\/v2\/pages\/12431\/revisions"}],"wp:attachment":[{"href":"https:\/\/agnicoeagle.fi\/fi\/wp-json\/wp\/v2\/media?parent=12431"}],"curies":[{"name":"wp","href":"https:\/\/api.w.org\/{rel}","templated":true}]}}