{"id":12432,"date":"2016-10-10T10:12:48","date_gmt":"2016-10-10T07:12:48","guid":{"rendered":"http:\/\/aemfinlandtest.wpengine.com\/?page_id=12432&#038;lang=fi"},"modified":"2022-06-08T22:13:08","modified_gmt":"2022-06-08T19:13:08","slug":"tietoa-meista","status":"publish","type":"page","link":"https:\/\/agnicoeagle.fi\/fi\/tietoa-meista\/","title":{"rendered":"Tietoa meist\u00e4"},"content":{"rendered":"<div class=\"fusion-fullwidth fullwidth-box fusion-builder-row-1 hundred-percent-fullwidth non-hundred-percent-height-scrolling\" style=\"--awb-border-radius-top-left:0px;--awb-border-radius-top-right:0px;--awb-border-radius-bottom-right:0px;--awb-border-radius-bottom-left:0px;--awb-overflow:visible;--awb-flex-wrap:wrap;\" ><div class=\"fusion-builder-row fusion-row\"><div class=\"fusion-layout-column fusion_builder_column fusion-builder-column-0 fusion_builder_column_1_1 1_1 fusion-one-full fusion-column-first fusion-column-last\" style=\"--awb-bg-size:cover;\"><div class=\"fusion-column-wrapper fusion-flex-column-wrapper-legacy\"><div class=\"fusion-title title fusion-title-1 fusion-title-center fusion-title-text fusion-title-size-one\" style=\"--awb-margin-top-small:0px;--awb-margin-right-small:0px;--awb-margin-bottom-small:20px;--awb-margin-left-small:0px;\"><div class=\"title-sep-container title-sep-container-left\"><div class=\"title-sep sep-double sep-solid\" style=\"border-color:#e0dede;\"><\/div><\/div><span class=\"awb-title-spacer\"><\/span><h1 class=\"fusion-title-heading title-heading-center fusion-responsive-typography-calculated\" style=\"margin:0;--fontSize:33;line-height:1.45;\">N\u00e4kij\u00f6iden ja tekij\u00f6iden yhti\u00f6<\/h1><span class=\"awb-title-spacer\"><\/span><div class=\"title-sep-container title-sep-container-right\"><div class=\"title-sep sep-double sep-solid\" style=\"border-color:#e0dede;\"><\/div><\/div><\/div><div class=\"fusion-text fusion-text-1\"><p>Agnico Eagle Finland Oy on kanadalaisen kullantuottajan Agnico Eagle Mines Limitedin tyt\u00e4ryhti\u00f6. Se operoi Kittil\u00e4n kultakaivosta ja harjoittaa aktiivista malminetsint\u00e4\u00e4 Suomessa ja muissa Pohjoismaissa. Suurikuusikon kultaesiintym\u00e4st\u00e4, jonka Agnico Eagle osti Riddarhyttan Resources AB:lt\u00e4 marraskuussa 2005, tuli yhti\u00f6n ensimm\u00e4inen kaivos Kanadan ulkopuolella.<\/p>\n<p>Agnico Eagle harjoittaa laadukasta ja rehti\u00e4 liiketoimintaa. Se antaa osakkeenomistajilleen erinomaisen tuoton pitk\u00e4ll\u00e4 aikav\u00e4lill\u00e4, luo hyvi\u00e4 ty\u00f6paikkoja ja edist\u00e4\u00e4 toimintapaikkakuntiensa ja niiden asukkaiden hyvinvointia.<\/p>\n<\/div><div class=\"fusion-clearfix\"><\/div><\/div><\/div><div class=\"fusion-layout-column fusion_builder_column fusion-builder-column-1 fusion_builder_column_1_1 1_1 fusion-one-full fusion-column-first fusion-column-last fusion-column-no-min-height\" style=\"--awb-bg-size:cover;--awb-margin-bottom:0px;\"><div class=\"fusion-column-wrapper fusion-flex-column-wrapper-legacy\"><div class=\"fusion-sep-clear\"><\/div><div class=\"fusion-separator fusion-full-width-sep\" style=\"margin-left: auto;margin-right: auto;margin-top:10px;margin-bottom:10px;width:100%;\"><\/div><div class=\"fusion-sep-clear\"><\/div><div class=\"fusion-clearfix\"><\/div><\/div><\/div><div class=\"fusion-layout-column fusion_builder_column fusion-builder-column-2 fusion_builder_column_1_2 1_2 fusion-one-half fusion-column-first\" style=\"--awb-bg-size:cover;width:48%; margin-right: 4%;\"><div class=\"fusion-column-wrapper fusion-flex-column-wrapper-legacy\"><div class=\"fusion-title title fusion-title-2 fusion-title-text fusion-title-size-one\" style=\"--awb-margin-top-small:0px;--awb-margin-right-small:0px;--awb-margin-bottom-small:20px;--awb-margin-left-small:0px;\"><h1 class=\"fusion-title-heading title-heading-left fusion-responsive-typography-calculated\" style=\"margin:0;--fontSize:33;line-height:1.45;\">Toimintatapamme<\/h1><span class=\"awb-title-spacer\"><\/span><div class=\"title-sep-container\"><div class=\"title-sep sep-double sep-solid\" style=\"border-color:#e0dede;\"><\/div><\/div><\/div><div class=\"accordian fusion-accordian\" style=\"--awb-border-size:1px;--awb-icon-size:13px;--awb-content-font-size:13px;--awb-icon-alignment:left;--awb-hover-color:#f9f9f9;--awb-border-color:#cccccc;--awb-background-color:#ffffff;--awb-divider-color:#e0dede;--awb-divider-hover-color:#e0dede;--awb-icon-color:#ffffff;--awb-title-color:#333333;--awb-content-color:#747474;--awb-icon-box-color:#333333;--awb-toggle-hover-accent-color:#009cde;--awb-title-font-family:&quot;Roboto Slab&quot;;--awb-title-font-weight:300;--awb-title-font-style:normal;--awb-title-font-size:14px;--awb-title-letter-spacing:0px;--awb-title-line-height:1.43;--awb-content-font-family:&quot;Raleway&quot;;--awb-content-font-style:normal;--awb-content-font-weight:400;\"><div class=\"panel-group fusion-toggle-icon-boxed\" id=\"accordion-12432-1\"><div class=\"fusion-panel panel-default panel-0cc0f666865d56261 fusion-toggle-has-divider\"><div class=\"panel-heading\"><h4 class=\"panel-title toggle\" id=\"toggle_0cc0f666865d56261\"><a aria-expanded=\"false\" aria-controls=\"0cc0f666865d56261\" role=\"button\" data-toggle=\"collapse\" data-parent=\"#accordion-12432-1\" data-target=\"#0cc0f666865d56261\" href=\"#0cc0f666865d56261\"><span class=\"fusion-toggle-icon-wrapper\" aria-hidden=\"true\"><i class=\"fa-fusion-box active-icon awb-icon-minus\" aria-hidden=\"true\"><\/i><i class=\"fa-fusion-box inactive-icon awb-icon-plus\" aria-hidden=\"true\"><\/i><\/span><span class=\"fusion-toggle-heading\">PERHE<\/span><\/a><\/h4><\/div><div id=\"0cc0f666865d56261\" class=\"panel-collapse collapse \" aria-labelledby=\"toggle_0cc0f666865d56261\"><div class=\"panel-body toggle-content fusion-clearfix\">Agnico Eagle on kuin perhe: puhuttelemme toisiamme etunimill\u00e4 ja pid\u00e4mme ovemme auki toisillemme. Tied\u00e4mme my\u00f6s, ett\u00e4 perheiden hyvinvointi on olennaista ty\u00f6ntekij\u00f6iden hyvinvoinnin kannalta. Perheiden hyvinvointi auttaa yhteis\u00f6\u00e4mme kasvamaan vahvaksi ja onnelliseksi.<\/div><\/div><\/div><div class=\"fusion-panel panel-default panel-b35c9ca72a7d2d8da fusion-toggle-has-divider\"><div class=\"panel-heading\"><h4 class=\"panel-title toggle\" id=\"toggle_b35c9ca72a7d2d8da\"><a aria-expanded=\"false\" aria-controls=\"b35c9ca72a7d2d8da\" role=\"button\" data-toggle=\"collapse\" data-parent=\"#accordion-12432-1\" data-target=\"#b35c9ca72a7d2d8da\" href=\"#b35c9ca72a7d2d8da\"><span class=\"fusion-toggle-icon-wrapper\" aria-hidden=\"true\"><i class=\"fa-fusion-box active-icon awb-icon-minus\" aria-hidden=\"true\"><\/i><i class=\"fa-fusion-box inactive-icon awb-icon-plus\" aria-hidden=\"true\"><\/i><\/span><span class=\"fusion-toggle-heading\">KUNNIOITUS<\/span><\/a><\/h4><\/div><div id=\"b35c9ca72a7d2d8da\" class=\"panel-collapse collapse \" aria-labelledby=\"toggle_b35c9ca72a7d2d8da\"><div class=\"panel-body toggle-content fusion-clearfix\">Kunnioitus on ansaittava teoilla. Kohtelemme ihmisi\u00e4 kunnioittavasti ja teemme kovasti ty\u00f6t\u00e4 ollaksemme my\u00f6s heid\u00e4n kunnioituksensa arvoisia. Pyrimme olemaan yhteis\u00f6n arvostettu j\u00e4sen sek\u00e4 hyv\u00e4 ty\u00f6nantaja ja naapuri kaikkialla, miss\u00e4 toimimme.<\/div><\/div><\/div><div class=\"fusion-panel panel-default panel-c8f052858598da7c4 fusion-toggle-has-divider\"><div class=\"panel-heading\"><h4 class=\"panel-title toggle\" id=\"toggle_c8f052858598da7c4\"><a aria-expanded=\"false\" aria-controls=\"c8f052858598da7c4\" role=\"button\" data-toggle=\"collapse\" data-parent=\"#accordion-12432-1\" data-target=\"#c8f052858598da7c4\" href=\"#c8f052858598da7c4\"><span class=\"fusion-toggle-icon-wrapper\" aria-hidden=\"true\"><i class=\"fa-fusion-box active-icon awb-icon-minus\" aria-hidden=\"true\"><\/i><i class=\"fa-fusion-box inactive-icon awb-icon-plus\" aria-hidden=\"true\"><\/i><\/span><span class=\"fusion-toggle-heading\">VASTUU<\/span><\/a><\/h4><\/div><div id=\"c8f052858598da7c4\" class=\"panel-collapse collapse \" aria-labelledby=\"toggle_c8f052858598da7c4\"><div class=\"panel-body toggle-content fusion-clearfix\">Jos teemme virheen, tunnustamme sen ja opimme siit\u00e4. Haluamme n\u00e4ytt\u00e4\u00e4 hyv\u00e4\u00e4 esimerkki\u00e4 ja olla edell\u00e4k\u00e4vij\u00e4 vastuullisena yrityksen\u00e4. Tunnemme vastuumme ty\u00f6ntekij\u00f6iden turvallisuudesta, toimintamme pitk\u00e4aikaisista vaikutuksista paikallisyhteis\u00f6\u00f6n ja ymp\u00e4rist\u00f6\u00f6n, toimintamme l\u00e4pin\u00e4kyvyydest\u00e4 ja sitoumuksistamme osakkeenomistajiamme kohtaan. Muistamme t\u00e4m\u00e4n vastuun kaikessa toiminnassamme.<\/div><\/div><\/div><div class=\"fusion-panel panel-default panel-72212defbaed266c4 fusion-toggle-has-divider\"><div class=\"panel-heading\"><h4 class=\"panel-title toggle\" id=\"toggle_72212defbaed266c4\"><a aria-expanded=\"false\" aria-controls=\"72212defbaed266c4\" role=\"button\" data-toggle=\"collapse\" data-parent=\"#accordion-12432-1\" data-target=\"#72212defbaed266c4\" href=\"#72212defbaed266c4\"><span class=\"fusion-toggle-icon-wrapper\" aria-hidden=\"true\"><i class=\"fa-fusion-box active-icon awb-icon-minus\" aria-hidden=\"true\"><\/i><i class=\"fa-fusion-box inactive-icon awb-icon-plus\" aria-hidden=\"true\"><\/i><\/span><span class=\"fusion-toggle-heading\">TASA-ARVO<\/span><\/a><\/h4><\/div><div id=\"72212defbaed266c4\" class=\"panel-collapse collapse \" aria-labelledby=\"toggle_72212defbaed266c4\"><div class=\"panel-body toggle-content fusion-clearfix\">K\u00e4yt\u00e4mme kaikki samanv\u00e4rist\u00e4 kyp\u00e4r\u00e4\u00e4. Se on konkreettinen muistutus siit\u00e4, ett\u00e4 kuulumme samaan tiimiin ja kohtelemme toisiamme tasa-arvoisesti ja kunnioittavasti. Jokaisella on samat mahdollisuudet kaikissa maissa, joissa toimimme, ja yhti\u00f6mme kaikilla organisaatiotasoilla.<\/div><\/div><\/div><div class=\"fusion-panel panel-default panel-a620b841afbc28665 fusion-toggle-has-divider\"><div class=\"panel-heading\"><h4 class=\"panel-title toggle\" id=\"toggle_a620b841afbc28665\"><a aria-expanded=\"false\" aria-controls=\"a620b841afbc28665\" role=\"button\" data-toggle=\"collapse\" data-parent=\"#accordion-12432-1\" data-target=\"#a620b841afbc28665\" href=\"#a620b841afbc28665\"><span class=\"fusion-toggle-icon-wrapper\" aria-hidden=\"true\"><i class=\"fa-fusion-box active-icon awb-icon-minus\" aria-hidden=\"true\"><\/i><i class=\"fa-fusion-box inactive-icon awb-icon-plus\" aria-hidden=\"true\"><\/i><\/span><span class=\"fusion-toggle-heading\">LUOTTAMUS<\/span><\/a><\/h4><\/div><div id=\"a620b841afbc28665\" class=\"panel-collapse collapse \" aria-labelledby=\"toggle_a620b841afbc28665\"><div class=\"panel-body toggle-content fusion-clearfix\"> Luotamme siihen, ett\u00e4 jokainen meist\u00e4 k\u00e4ytt\u00e4\u00e4 taitojaan, tietojaan ja kokemustaan saavuttaakseen parhaat tulokset meille kaikille: ty\u00f6tovereille, paikallisyhteis\u00f6ille, osakkeenomistajille ja yhti\u00f6lle. Luotamme siihen, ett\u00e4 jokainen meist\u00e4 tekee ty\u00f6ns\u00e4 hyvin ja turvallisesti ja noudattaa sitoumuksia, joita olemme toinen toisillemme tehneet.<\/div><\/div><\/div><\/div><\/div><div class=\"fusion-clearfix\"><\/div><\/div><\/div><div class=\"fusion-layout-column fusion_builder_column fusion-builder-column-3 fusion_builder_column_1_2 1_2 fusion-one-half fusion-column-last\" style=\"--awb-bg-size:cover;--awb-margin-top:20px;width:48%;\"><div class=\"fusion-column-wrapper fusion-flex-column-wrapper-legacy\"><div class=\"fusion-image-carousel fusion-image-carousel-auto fusion-image-carousel-1\"><div class=\"awb-carousel awb-swiper awb-swiper-carousel awb-carousel--carousel awb-swiper-dots-position-bottom\" data-layout=\"carousel\" data-autoplay=\"yes\" data-autoplayspeed=\"2500\" data-autoplaypause=\"no\" data-columns=\"1\" data-columnsmedium=\"1\" data-columnssmall=\"1\" data-itemmargin=\"13\" data-itemwidth=\"180\" data-touchscroll=\"no\" data-freemode=\"no\" data-imagesize=\"auto\" data-scrollitems=\"0\" data-centeredslides=\"no\" data-rotationangle=\"50\" data-depth=\"100\" data-speed=\"500\" data-shadow=\"no\" data-pagination=\"bullets\" style=\"--awb-columns:1;\"><div class=\"swiper-wrapper awb-image-carousel-wrapper fusion-flex-align-items-center\"><div class=\"swiper-slide\"><div class=\"fusion-carousel-item-wrapper\"><div class=\"fusion-image-wrapper hover-type-none\"><img decoding=\"async\" width=\"600\" height=\"300\" src=\"https:\/\/agnicoeagle.fi\/wp-content\/uploads\/2022\/06\/Value-Text_FIN_600x300.png\" class=\"attachment-full size-full\" alt=\"\" srcset=\"https:\/\/agnicoeagle.fi\/wp-content\/uploads\/2022\/06\/Value-Text_FIN_600x300-200x100.png 200w, https:\/\/agnicoeagle.fi\/wp-content\/uploads\/2022\/06\/Value-Text_FIN_600x300-300x150.png 300w, https:\/\/agnicoeagle.fi\/wp-content\/uploads\/2022\/06\/Value-Text_FIN_600x300-400x200.png 400w, https:\/\/agnicoeagle.fi\/wp-content\/uploads\/2022\/06\/Value-Text_FIN_600x300.png 600w\" sizes=\"(max-width: 600px) 100vw, 600px\" \/><\/div><\/div><\/div><div class=\"swiper-slide\"><div class=\"fusion-carousel-item-wrapper\"><div class=\"fusion-image-wrapper hover-type-none\"><img decoding=\"async\" width=\"600\" height=\"300\" src=\"https:\/\/agnicoeagle.fi\/wp-content\/uploads\/2022\/06\/Values_FINNISH_600x300.png\" class=\"attachment-full size-full\" alt=\"\" srcset=\"https:\/\/agnicoeagle.fi\/wp-content\/uploads\/2022\/06\/Values_FINNISH_600x300-200x100.png 200w, https:\/\/agnicoeagle.fi\/wp-content\/uploads\/2022\/06\/Values_FINNISH_600x300-300x150.png 300w, https:\/\/agnicoeagle.fi\/wp-content\/uploads\/2022\/06\/Values_FINNISH_600x300-400x200.png 400w, https:\/\/agnicoeagle.fi\/wp-content\/uploads\/2022\/06\/Values_FINNISH_600x300.png 600w\" sizes=\"(max-width: 600px) 100vw, 600px\" \/><\/div><\/div><\/div><\/div><\/div><\/div><div class=\"fusion-clearfix\"><\/div><\/div><\/div><div class=\"fusion-layout-column fusion_builder_column fusion-builder-column-4 fusion_builder_column_1_1 1_1 fusion-one-full fusion-column-first fusion-column-last fusion-column-no-min-height\" style=\"--awb-bg-size:cover;--awb-margin-bottom:0px;\"><div class=\"fusion-column-wrapper fusion-flex-column-wrapper-legacy\"><div class=\"fusion-sep-clear\"><\/div><div class=\"fusion-separator fusion-full-width-sep\" style=\"margin-left: auto;margin-right: auto;margin-top:20px;margin-bottom:20px;width:100%;\"><\/div><div class=\"fusion-sep-clear\"><\/div><div class=\"fusion-clearfix\"><\/div><\/div><\/div><div class=\"fusion-layout-column fusion_builder_column fusion-builder-column-5 fusion_builder_column_1_1 1_1 fusion-one-full fusion-column-first fusion-column-last fusion-column-no-min-height\" style=\"--awb-bg-size:cover;--awb-margin-bottom:0px;\"><div class=\"fusion-column-wrapper fusion-flex-column-wrapper-legacy\"><div class=\"fusion-title title fusion-title-3 fusion-title-text fusion-title-size-one\" style=\"--awb-margin-top-small:0px;--awb-margin-right-small:0px;--awb-margin-bottom-small:20px;--awb-margin-left-small:0px;\"><h1 class=\"fusion-title-heading title-heading-left fusion-responsive-typography-calculated\" style=\"margin:0;--fontSize:33;line-height:1.45;\">Lue lis\u00e4\u00e4<\/h1><span class=\"awb-title-spacer\"><\/span><div class=\"title-sep-container\"><div class=\"title-sep sep-double sep-solid\" style=\"border-color:#e0dede;\"><\/div><\/div><\/div><div class=\"fusion-text fusion-text-2\"><p>Toimintamme keskipiste on Kittil\u00e4n kaivos. Se on Euroopan suurin kultakaivos ja Lapin kaivostoiminnan veturi. Kaivoksen nykyisen elinkaaren arvioidaan ulottuvan v\u00e4hint\u00e4\u00e4n vuoteen 2034 saakka, mutta Agnico Eaglen malminetsint\u00e4ohjelman mukaisesti jatkamme esiintym\u00e4n ja sit\u00e4 ymp\u00e4r\u00f6ivien alueiden tutkimista. Malmia etsit\u00e4\u00e4n my\u00f6s Ruotsissa. Vaikka pyrimme jatkuvasti laajentamaan toimintaamme, meille on ensiarvoisen t\u00e4rke\u00e4\u00e4 jatkaa ty\u00f6t\u00e4 paikallisissa yhteis\u00f6iss\u00e4 ja lujittaa nykyisi\u00e4 kumppanuuksiamme samalla kun rakennamme uusia matkallamme kohti tulevaisuutta.<\/p>\n<\/div><div class=\"fusion-sep-clear\"><\/div><div class=\"fusion-separator fusion-full-width-sep\" style=\"margin-left: auto;margin-right: auto;margin-top:20px;margin-bottom:20px;width:100%;\"><\/div><div class=\"fusion-sep-clear\"><\/div><div class=\"fusion-clearfix\"><\/div><\/div><\/div><div class=\"fusion-layout-column fusion_builder_column fusion-builder-column-6 fusion_builder_column_1_3 1_3 fusion-one-third fusion-column-first\" style=\"--awb-bg-size:cover;width:30.6666%; margin-right: 4%;\"><div class=\"fusion-column-wrapper fusion-flex-column-wrapper-legacy\"><div class=\"fusion-title title fusion-title-4 fusion-title-text fusion-title-size-two\" style=\"--awb-margin-top-small:0px;--awb-margin-right-small:0px;--awb-margin-bottom-small:20px;--awb-margin-left-small:0px;\"><h2 class=\"fusion-title-heading title-heading-left fusion-responsive-typography-calculated\" style=\"margin:0;--fontSize:18;--minFontSize:18;line-height:1.5;\">Tuotanto<\/h2><span class=\"awb-title-spacer\"><\/span><div class=\"title-sep-container\"><div class=\"title-sep sep-double sep-solid\" style=\"border-color:#e0dede;\"><\/div><\/div><\/div><div class=\"fusion-image-element in-legacy-container\" style=\"--awb-caption-title-font-family:var(--h2_typography-font-family);--awb-caption-title-font-weight:var(--h2_typography-font-weight);--awb-caption-title-font-style:var(--h2_typography-font-style);--awb-caption-title-size:var(--h2_typography-font-size);--awb-caption-title-transform:var(--h2_typography-text-transform);--awb-caption-title-line-height:var(--h2_typography-line-height);--awb-caption-title-letter-spacing:var(--h2_typography-letter-spacing);\"><span class=\" fusion-imageframe imageframe-none imageframe-1 hover-type-zoomin\" style=\"border:8px solid #66636a;\"><a class=\"fusion-no-lightbox\" href=\"https:\/\/agnicoeagle.fi\/fi\/tietoa-meista\/toiminta\/\" target=\"_self\" aria-label=\"Image Frame &#8211; Gold\"><img decoding=\"async\" width=\"437\" height=\"299\" src=\"https:\/\/agnicoeagle.fi\/wp-content\/uploads\/2014\/11\/Image-Frame-Gold.jpg\" alt class=\"img-responsive wp-image-11839\" srcset=\"https:\/\/agnicoeagle.fi\/wp-content\/uploads\/2014\/11\/Image-Frame-Gold-200x137.jpg 200w, https:\/\/agnicoeagle.fi\/wp-content\/uploads\/2014\/11\/Image-Frame-Gold-400x274.jpg 400w, https:\/\/agnicoeagle.fi\/wp-content\/uploads\/2014\/11\/Image-Frame-Gold.jpg 437w\" sizes=\"(max-width: 800px) 100vw, 400px\" \/><\/a><\/span><\/div><div class=\"fusion-clearfix\"><\/div><\/div><\/div><div class=\"fusion-layout-column fusion_builder_column fusion-builder-column-7 fusion_builder_column_1_3 1_3 fusion-one-third\" style=\"--awb-bg-size:cover;width:30.6666%; margin-right: 4%;\"><div class=\"fusion-column-wrapper fusion-flex-column-wrapper-legacy\"><div class=\"fusion-title title fusion-title-5 fusion-title-text fusion-title-size-two\" style=\"--awb-margin-top-small:0px;--awb-margin-right-small:0px;--awb-margin-bottom-small:20px;--awb-margin-left-small:0px;\"><h2 class=\"fusion-title-heading title-heading-left fusion-responsive-typography-calculated\" style=\"margin:0;--fontSize:18;--minFontSize:18;line-height:1.5;\">Malminetsint\u00e4<\/h2><span class=\"awb-title-spacer\"><\/span><div class=\"title-sep-container\"><div class=\"title-sep sep-double sep-solid\" style=\"border-color:#e0dede;\"><\/div><\/div><\/div><div class=\"fusion-image-element in-legacy-container\" style=\"--awb-caption-title-font-family:var(--h2_typography-font-family);--awb-caption-title-font-weight:var(--h2_typography-font-weight);--awb-caption-title-font-style:var(--h2_typography-font-style);--awb-caption-title-size:var(--h2_typography-font-size);--awb-caption-title-transform:var(--h2_typography-text-transform);--awb-caption-title-line-height:var(--h2_typography-line-height);--awb-caption-title-letter-spacing:var(--h2_typography-letter-spacing);\"><span class=\" fusion-imageframe imageframe-none imageframe-2 hover-type-zoomin\" style=\"border:8px solid #66636a;\"><a class=\"fusion-no-lightbox\" href=\"https:\/\/agnicoeagle.fi\/fi\/tietoa-meista\/malminetsinta\/\" target=\"_self\" aria-label=\"Image Frame &#8211; Exploration\"><img decoding=\"async\" width=\"437\" height=\"299\" src=\"https:\/\/agnicoeagle.fi\/wp-content\/uploads\/2016\/12\/Image-Frame-Exploration.jpg\" alt class=\"img-responsive wp-image-12564\" srcset=\"https:\/\/agnicoeagle.fi\/wp-content\/uploads\/2016\/12\/Image-Frame-Exploration-200x137.jpg 200w, https:\/\/agnicoeagle.fi\/wp-content\/uploads\/2016\/12\/Image-Frame-Exploration-400x274.jpg 400w, https:\/\/agnicoeagle.fi\/wp-content\/uploads\/2016\/12\/Image-Frame-Exploration.jpg 437w\" sizes=\"(max-width: 800px) 100vw, 400px\" \/><\/a><\/span><\/div><div class=\"fusion-clearfix\"><\/div><\/div><\/div><div class=\"fusion-layout-column fusion_builder_column fusion-builder-column-8 fusion_builder_column_1_3 1_3 fusion-one-third fusion-column-last\" style=\"--awb-bg-size:cover;width:30.6666%;\"><div class=\"fusion-column-wrapper fusion-flex-column-wrapper-legacy\"><div class=\"fusion-title title fusion-title-6 fusion-title-text fusion-title-size-two\" style=\"--awb-margin-top-small:0px;--awb-margin-right-small:0px;--awb-margin-bottom-small:20px;--awb-margin-left-small:0px;\"><h2 class=\"fusion-title-heading title-heading-left fusion-responsive-typography-calculated\" style=\"margin:0;--fontSize:18;--minFontSize:18;line-height:1.5;\">Yhteisty\u00f6<\/h2><span class=\"awb-title-spacer\"><\/span><div class=\"title-sep-container\"><div class=\"title-sep sep-double sep-solid\" style=\"border-color:#e0dede;\"><\/div><\/div><\/div><div class=\"fusion-image-element in-legacy-container\" style=\"--awb-caption-title-font-family:var(--h2_typography-font-family);--awb-caption-title-font-weight:var(--h2_typography-font-weight);--awb-caption-title-font-style:var(--h2_typography-font-style);--awb-caption-title-size:var(--h2_typography-font-size);--awb-caption-title-transform:var(--h2_typography-text-transform);--awb-caption-title-line-height:var(--h2_typography-line-height);--awb-caption-title-letter-spacing:var(--h2_typography-letter-spacing);\"><span class=\" fusion-imageframe imageframe-none imageframe-3 hover-type-zoomin\" style=\"border:8px solid #66636a;\"><a class=\"fusion-no-lightbox\" href=\"https:\/\/agnicoeagle.fi\/fi\/kestavyys\/\" target=\"_self\" aria-label=\"Image Frame &#8211; Blue Hat\"><img decoding=\"async\" width=\"437\" height=\"299\" src=\"https:\/\/agnicoeagle.fi\/wp-content\/uploads\/2016\/12\/Image-Frame-Blue-Hat.jpg\" alt class=\"img-responsive wp-image-12563\" srcset=\"https:\/\/agnicoeagle.fi\/wp-content\/uploads\/2016\/12\/Image-Frame-Blue-Hat-200x137.jpg 200w, https:\/\/agnicoeagle.fi\/wp-content\/uploads\/2016\/12\/Image-Frame-Blue-Hat-400x274.jpg 400w, https:\/\/agnicoeagle.fi\/wp-content\/uploads\/2016\/12\/Image-Frame-Blue-Hat.jpg 437w\" sizes=\"(max-width: 800px) 100vw, 400px\" \/><\/a><\/span><\/div><div class=\"fusion-clearfix\"><\/div><\/div><\/div><\/div><\/div>\n","protected":false},"excerpt":{"rendered":"","protected":false},"author":9,"featured_media":0,"parent":0,"menu_order":0,"comment_status":"open","ping_status":"open","template":"","meta":{"_bbp_topic_count":0,"_bbp_reply_count":0,"_bbp_total_topic_count":0,"_bbp_total_reply_count":0,"_bbp_voice_count":0,"_bbp_anonymous_reply_count":0,"_bbp_topic_count_hidden":0,"_bbp_reply_count_hidden":0,"_bbp_forum_subforum_count":0,"footnotes":""},"class_list":["post-12432","page","type-page","status-publish","hentry"],"_links":{"self":[{"href":"https:\/\/agnicoeagle.fi\/fi\/wp-json\/wp\/v2\/pages\/12432","targetHints":{"allow":["GET"]}}],"collection":[{"href":"https:\/\/agnicoeagle.fi\/fi\/wp-json\/wp\/v2\/pages"}],"about":[{"href":"https:\/\/agnicoeagle.fi\/fi\/wp-json\/wp\/v2\/types\/page"}],"author":[{"embeddable":true,"href":"https:\/\/agnicoeagle.fi\/fi\/wp-json\/wp\/v2\/users\/9"}],"replies":[{"embeddable":true,"href":"https:\/\/agnicoeagle.fi\/fi\/wp-json\/wp\/v2\/comments?post=12432"}],"version-history":[{"count":0,"href":"https:\/\/agnicoeagle.fi\/fi\/wp-json\/wp\/v2\/pages\/12432\/revisions"}],"wp:attachment":[{"href":"https:\/\/agnicoeagle.fi\/fi\/wp-json\/wp\/v2\/media?parent=12432"}],"curies":[{"name":"wp","href":"https:\/\/api.w.org\/{rel}","templated":true}]}}