{"id":12433,"date":"2016-10-10T10:13:39","date_gmt":"2016-10-10T07:13:39","guid":{"rendered":"http:\/\/aemfinlandtest.wpengine.com\/?page_id=12433&#038;lang=fi"},"modified":"2026-01-07T17:49:20","modified_gmt":"2026-01-07T15:49:20","slug":"toiminta","status":"publish","type":"page","link":"https:\/\/agnicoeagle.fi\/fi\/tietoa-meista\/toiminta\/","title":{"rendered":"Tuotanto"},"content":{"rendered":"<div class=\"fusion-fullwidth fullwidth-box fusion-builder-row-1 hundred-percent-fullwidth non-hundred-percent-height-scrolling\" style=\"--awb-border-radius-top-left:0px;--awb-border-radius-top-right:0px;--awb-border-radius-bottom-right:0px;--awb-border-radius-bottom-left:0px;--awb-overflow:visible;--awb-flex-wrap:wrap;\" ><div class=\"fusion-builder-row fusion-row\"><div class=\"fusion-layout-column fusion_builder_column fusion-builder-column-0 fusion_builder_column_2_3 2_3 fusion-two-third fusion-column-first\" style=\"--awb-bg-size:cover;--awb-margin-bottom:50px;width:65.3333%; margin-right: 4%;\"><div class=\"fusion-column-wrapper fusion-flex-column-wrapper-legacy\"><div class=\"fusion-title title fusion-title-1 fusion-title-text fusion-title-size-one\" style=\"--awb-margin-top-small:0px;--awb-margin-right-small:0px;--awb-margin-bottom-small:20px;--awb-margin-left-small:0px;\"><h1 class=\"fusion-title-heading title-heading-left fusion-responsive-typography-calculated\" style=\"margin:0;--fontSize:33;line-height:1.45;\">Kittil\u00e4n kaivos<\/h1><span class=\"awb-title-spacer\"><\/span><div class=\"title-sep-container\"><div class=\"title-sep sep-double sep-solid\" style=\"border-color:#e0dede;\"><\/div><\/div><\/div><div class=\"fusion-text fusion-text-1\"><p>Kittil\u00e4n kaivos on Euroopan suurin kultakaivos. Louhimme vuodessa noin 2 miljoonaa tonnia malmia, ja vuotuinen tuotantomme on noin 7 500 kiloa kultaa. Nykyisill\u00e4 malmivaroilla ja tuotantom\u00e4\u00e4rill\u00e4 kaivoksen odotetaan toimivan 2030-luvun loppupuolelle. Kaivoksen toiminta-aika voi jatkua pitemp\u00e4\u00e4n riippuen malminetsinn\u00e4n tuloksista. Ty\u00f6llist\u00e4mme noin 500 henke\u00e4 ja noin 500 kumppaniyrityksetn ty\u00f6ntekij\u00e4\u00e4.<\/p>\n<p>Aloitimme malmion louhinnan vuonna 2008 kahdesta avolouhoksesta, Suuresta ja Rourasta.\u00a0Maanalaisen louhinnan aloitimme lokakuussa 2010. Avolouhostoiminta p\u00e4\u00e4ttyi marraskuussa 2012, ja nyt louhimme ainoastaan maanalaisesta kaivoksesta.<\/p>\n<p>Kaivoksella vuonna 2018 k\u00e4ynnistynyt mittava investointiohjelma saatiin kokonaisuudessaan k\u00e4ytt\u00f6\u00f6n vuoden 2023 aikana. Investointiohjelman merkitt\u00e4vimpi\u00e4 osakokonaisuuksia olivat rikastamon kapasiteetin kasvattaminen 1,6 miljoonasta tonnista 2 miljoonaan tonniin, yli 1000 metrin syvyyteen ulottuvan nostokuilun rakentaminen sek\u00e4 uuden vedenpuhdistuslaitoksen k\u00e4ytt\u00f6\u00f6notto vuoden 2023 alkupuolella. L\u00e4hivuosien painopisteen\u00e4 on hy\u00f6dynt\u00e4\u00e4 toteutettuja pitk\u00e4n t\u00e4ht\u00e4imen investointeja parhaalla mahdollisella tavalla sek\u00e4\u202fjatkaa aktiivista malmietsint\u00e4\u00e4 kaivoksella ja sen l\u00e4hialueilla.<\/p>\n<\/div><div class=\"fusion-clearfix\"><\/div><\/div><\/div><div class=\"fusion-layout-column fusion_builder_column fusion-builder-column-1 fusion_builder_column_1_3 1_3 fusion-one-third fusion-column-last\" style=\"--awb-bg-size:cover;width:30.6666%;\"><div class=\"fusion-column-wrapper fusion-flex-column-wrapper-legacy\"><div class=\"fusion-title title fusion-title-2 fusion-title-text fusion-title-size-one\" style=\"--awb-margin-top-small:0px;--awb-margin-right-small:0px;--awb-margin-bottom-small:20px;--awb-margin-left-small:0px;\"><h1 class=\"fusion-title-heading title-heading-left fusion-responsive-typography-calculated\" style=\"margin:0;--fontSize:33;line-height:1.45;\">Avaintietoja<\/h1><span class=\"awb-title-spacer\"><\/span><div class=\"title-sep-container\"><div class=\"title-sep sep-double sep-solid\" style=\"border-color:#e0dede;\"><\/div><\/div><\/div><ul style=\"--awb-size:13px;--awb-line-height:22.1px;--awb-icon-width:22.1px;--awb-icon-height:22.1px;--awb-icon-margin:9.1px;--awb-content-margin:31.2px;--awb-circlecolor:#009cde;--awb-circle-yes-font-size:11.44px;\" class=\"fusion-checklist fusion-checklist-1 fusion-checklist-default type-icons\"><li class=\"fusion-li-item\" style=\"\"><span class=\"icon-wrapper circle-yes\"><i class=\"fusion-li-icon fa-check fas\" aria-hidden=\"true\"><\/i><\/span><div class=\"fusion-li-item-content\">Sijainti:\u00a0\u00a0Lappi, Pohjois-Suomi<\/div><\/li><li class=\"fusion-li-item\" style=\"\"><span class=\"icon-wrapper circle-yes\"><i class=\"fusion-li-icon fa-check fas\" aria-hidden=\"true\"><\/i><\/span><div class=\"fusion-li-item-content\">Kaivostyyppi: maanalainen kaivos<\/div><\/li><li class=\"fusion-li-item\" style=\"\"><span class=\"icon-wrapper circle-yes\"><i class=\"fusion-li-icon fa-check fas\" aria-hidden=\"true\"><\/i><\/span><div class=\"fusion-li-item-content\">Kaivoksen arvioitu toiminta-aika: vuodesta 2009 2030-luvun lopulle<\/div><\/li><li class=\"fusion-li-item\" style=\"\"><span class=\"icon-wrapper circle-yes\"><i class=\"fusion-li-icon fa-check fas\" aria-hidden=\"true\"><\/i><\/span><div class=\"fusion-li-item-content\">\n<p>Vuoden 2024 kullantuotanto: 218 860 unssia<\/p>\n<\/div><\/li><li class=\"fusion-li-item\" style=\"\"><span class=\"icon-wrapper circle-yes\"><i class=\"fusion-li-icon fa-check fas\" aria-hidden=\"true\"><\/i><\/span><div class=\"fusion-li-item-content\">\n<p>Vuoden 2024 malmituotanto : noin 2 miljoonaa tonnia<\/p>\n<\/div><\/li><li class=\"fusion-li-item\" style=\"\"><span class=\"icon-wrapper circle-yes\"><i class=\"fusion-li-icon fa-check fas\" aria-hidden=\"true\"><\/i><\/span><div class=\"fusion-li-item-content\">\n<p>Ty\u00f6ntekij\u00e4m\u00e4\u00e4r\u00e4: noin 500<\/p>\n<\/div><\/li><\/ul><div class=\"fusion-clearfix\"><\/div><\/div><\/div><div class=\"fusion-layout-column fusion_builder_column fusion-builder-column-2 fusion_builder_column_1_1 1_1 fusion-one-full fusion-column-first fusion-column-last fusion-column-no-min-height\" style=\"--awb-bg-size:cover;--awb-margin-bottom:0px;\"><div class=\"fusion-column-wrapper fusion-flex-column-wrapper-legacy\"><div class=\"fusion-section-separator section-separator triangle fusion-section-separator-1\" style=\"--awb-border-bottom:5px solid #d8d8d8;--awb-spacer-height:5px;--awb-svg-margin-left:0;--awb-svg-margin-right:0;--awb-icon-color:#d8d8d8;--awb-icon-top:auto;--awb-icon-bottom:-15px;\"><div class=\"fusion-section-separator-svg\"><div class=\"divider-candy-arrow bottom\" style=\"top:5px;border-top-color: #d8d8d8;\"><\/div><div class=\"divider-candy bottom\" style=\"bottom:-25px;border-bottom:1px solid #d8d8d8;border-left:1px solid #d8d8d8;\"><\/div><\/div><div class=\"fusion-section-separator-spacer\"><div class=\"fusion-section-separator-spacer-height\"><\/div><\/div><\/div><div class=\"fusion-clearfix\"><\/div><\/div><\/div><div class=\"fusion-layout-column fusion_builder_column fusion-builder-column-3 fusion_builder_column_1_2 1_2 fusion-one-half fusion-column-first\" style=\"--awb-bg-size:cover;--awb-margin-top:50px;--awb-margin-bottom:10px;width:48%; margin-right: 4%;\"><div class=\"fusion-column-wrapper fusion-flex-column-wrapper-legacy\"><div class=\"fusion-title title fusion-title-3 fusion-title-text fusion-title-size-one\" style=\"--awb-margin-top-small:0px;--awb-margin-right-small:0px;--awb-margin-bottom-small:20px;--awb-margin-left-small:0px;\"><h1 class=\"fusion-title-heading title-heading-left fusion-responsive-typography-calculated\" style=\"margin:0;--fontSize:33;line-height:1.45;\">Historia<\/h1><span class=\"awb-title-spacer\"><\/span><div class=\"title-sep-container\"><div class=\"title-sep sep-double sep-solid\" style=\"border-color:#e0dede;\"><\/div><\/div><\/div><div class=\"fusion-tabs fusion-tabs-1 classic nav-is-justified horizontal-tabs icon-position-left mobile-mode-accordion\" style=\"--awb-title-border-radius-top-left:0px;--awb-title-border-radius-top-right:0px;--awb-title-border-radius-bottom-right:0px;--awb-title-border-radius-bottom-left:0px;--awb-inactive-color:#f1f2f2;--awb-background-color:#ffffff;--awb-border-color:#ebeaea;--awb-active-border-color:#009cde;\"><div class=\"nav\"><ul class=\"nav-tabs nav-justified\" role=\"tablist\"><li class=\"active\" role=\"presentation\"><a class=\"tab-link\" data-toggle=\"tab\" role=\"tab\" aria-controls=\"tab-619efc401410299a515\" aria-selected=\"true\" id=\"fusion-tab-tutkimusvaihe\" href=\"#tab-619efc401410299a515\"><h4 class=\"fusion-tab-heading\">Tutkimusvaihe <\/h4><\/a><\/li><li role=\"presentation\"><a class=\"tab-link\" data-toggle=\"tab\" role=\"tab\" aria-controls=\"tab-1669bd90f5f6171ce5d\" aria-selected=\"false\" tabindex=\"-1\" id=\"fusion-tab-rakentaminen\" href=\"#tab-1669bd90f5f6171ce5d\"><h4 class=\"fusion-tab-heading\">Rakentaminen<\/h4><\/a><\/li><li role=\"presentation\"><a class=\"tab-link\" data-toggle=\"tab\" role=\"tab\" aria-controls=\"tab-33a2f92501431b06706\" aria-selected=\"false\" tabindex=\"-1\" id=\"fusion-tab-tuotanto\" href=\"#tab-33a2f92501431b06706\"><h4 class=\"fusion-tab-heading\">Tuotanto<\/h4><\/a><\/li><\/ul><\/div><div class=\"tab-content\"><div class=\"nav fusion-mobile-tab-nav\"><ul class=\"nav-tabs nav-justified\" role=\"tablist\"><li class=\"active\" role=\"presentation\"><a class=\"tab-link\" data-toggle=\"tab\" role=\"tab\" aria-controls=\"tab-619efc401410299a515\" aria-selected=\"true\" id=\"mobile-fusion-tab-tutkimusvaihe\" href=\"#tab-619efc401410299a515\"><h4 class=\"fusion-tab-heading\">Tutkimusvaihe <\/h4><\/a><\/li><\/ul><\/div><div class=\"tab-pane fade fusion-clearfix in active\" role=\"tabpanel\" tabindex=\"0\" aria-labelledby=\"fusion-tab-tutkimusvaihe\" id=\"tab-619efc401410299a515\"><strong>1986<\/strong>:\u00a0Ensimm\u00e4iset viitteet kullasta l\u00f6ytyv\u00e4t Kiistalan kyl\u00e4n l\u00e4hettyvilt\u00e4 Pokkaan menev\u00e4n tien parannust\u00f6iden yhteydess\u00e4. Geologian tutkimuskeskus ryhtyy tutkimaan l\u00f6yd\u00f6st\u00e4.<\/p>\n<p><strong>1998:<\/strong> Ruotsalainen malminetsint\u00e4yhti\u00f6 Riddarhyttan Resources AB ostaa Suurikuusikon kultaesiintym\u00e4n ja jatkaa geologisia tutkimuksia alueella.<\/p>\n<p><strong>2001:<\/strong> Kaivospiiri my\u00f6nnet\u00e4\u00e4n.<\/p>\n<p><strong>2002:<\/strong> Ymp\u00e4rist\u00f6lupa my\u00f6nnet\u00e4\u00e4n.<\/div><div class=\"nav fusion-mobile-tab-nav\"><ul class=\"nav-tabs nav-justified\" role=\"tablist\"><li role=\"presentation\"><a class=\"tab-link\" data-toggle=\"tab\" role=\"tab\" aria-controls=\"tab-1669bd90f5f6171ce5d\" aria-selected=\"false\" tabindex=\"-1\" id=\"mobile-fusion-tab-rakentaminen\" href=\"#tab-1669bd90f5f6171ce5d\"><h4 class=\"fusion-tab-heading\">Rakentaminen<\/h4><\/a><\/li><\/ul><\/div><div class=\"tab-pane fade fusion-clearfix\" role=\"tabpanel\" tabindex=\"0\" aria-labelledby=\"fusion-tab-rakentaminen\" id=\"tab-1669bd90f5f6171ce5d\"><strong>2004:<\/strong> Kanadalainen kultakaivosyhti\u00f6 Agnico-Eagle Mines Limited kiinnostuu Suurikuusikon esiintym\u00e4st\u00e4 ja ostaa 14\u00a0% Riddarhyttanin osakkeista.<\/p>\n<p><strong>2005:<\/strong> Agnico-Eagle hankkii omistukseensa koko Riddarhyttanin osakekannan.<\/p>\n<p><strong>2006:<\/strong> Kaivoksen kannattavuusselvitys esitell\u00e4\u00e4n Agnico-Eaglen hallitukselle, joka tekee kes\u00e4kuussa p\u00e4\u00e4t\u00f6ksen kaivoksen rakentamisesta. Rakennusty\u00f6t alkavat v\u00e4litt\u00f6m\u00e4sti.<\/p>\n<p><strong>2008:<\/strong> Malmin louhinta alkaa avolouhintana toukokuussa. Rikastus aloitetaan elokuussa. Kaivoksen rakentamisvaihe p\u00e4\u00e4ttyy vuoden lopussa.<\/p>\n<p><strong>2009:<\/strong> Ensimm\u00e4inen kultaharkko valetaan tammikuussa. Kaivoksen virallisia avajaisia vietet\u00e4\u00e4n kes\u00e4kuussa.<\/div><div class=\"nav fusion-mobile-tab-nav\"><ul class=\"nav-tabs nav-justified\" role=\"tablist\"><li role=\"presentation\"><a class=\"tab-link\" data-toggle=\"tab\" role=\"tab\" aria-controls=\"tab-33a2f92501431b06706\" aria-selected=\"false\" tabindex=\"-1\" id=\"mobile-fusion-tab-tuotanto\" href=\"#tab-33a2f92501431b06706\"><h4 class=\"fusion-tab-heading\">Tuotanto<\/h4><\/a><\/li><\/ul><\/div><div class=\"tab-pane fade fusion-clearfix\" role=\"tabpanel\" tabindex=\"0\" aria-labelledby=\"fusion-tab-tuotanto\" id=\"tab-33a2f92501431b06706\">\n<p><strong>2010:<\/strong> Tuotanto vakiintuu. Maanalaisen kaivoksen tuotanto alkaa lokakuussa.<\/p>\n<p><strong>2011:<\/strong> Vuoden lopussa Kittil\u00e4 on 5,2\u00a0miljoonan unssin todetuilla ja todenn\u00e4k\u00f6isill\u00e4 malmivarannoillaan Agnico-Eaglen suurin kultaesiintym\u00e4.<\/p>\n<p><strong>2012:<\/strong> Avolouhostoiminta p\u00e4\u00e4ttyy marraskuussa, ja louhinta jatkuu yksinomaan maanalaisesta kaivoksesta.<\/p>\n<p><strong>2014:<\/strong>\u00a0Rikastamon laajennus valmistuu ja k\u00e4sitelt\u00e4v\u00e4n malmin m\u00e4\u00e4r\u00e4 kasvaa 4\u00a0000\u00a0tonniin vuorokaudessa. Uusi kaivoskonttori rakennetaan.<\/p>\n<p><strong>2016:\u00a0<\/strong>Kittil\u00e4n kaivos tuottaa miljoonannen kultaunssinsa.<\/p>\n<p><strong>2018:<\/strong> Kuilua aletaan rakentaa ja rikastamoa laajentaa. Maan alla saavutetaan 1000 metrin syvyys.<\/p>\n<p><strong>2023:<\/strong> Laaja investointiohjelma valmistuu ja muun muassa nostokuilu otetaan k\u00e4ytt\u00f6\u00f6n.<\/p>\n<\/div><\/div><\/div><div class=\"fusion-clearfix\"><\/div><\/div><\/div><div class=\"fusion-layout-column fusion_builder_column fusion-builder-column-4 fusion_builder_column_1_2 1_2 fusion-one-half fusion-column-last\" style=\"--awb-bg-size:cover;--awb-margin-top:50px;--awb-margin-bottom:10px;width:48%;\"><div class=\"fusion-column-wrapper fusion-flex-column-wrapper-legacy\"><div class=\"fusion-title title fusion-title-4 fusion-title-center fusion-title-text fusion-title-size-one\" style=\"--awb-margin-top-small:0px;--awb-margin-right-small:0px;--awb-margin-bottom-small:20px;--awb-margin-left-small:0px;\"><div class=\"title-sep-container title-sep-container-left\"><div class=\"title-sep sep-double sep-solid\" style=\"border-color:#e0dede;\"><\/div><\/div><span class=\"awb-title-spacer\"><\/span><h1 class=\"fusion-title-heading title-heading-center fusion-responsive-typography-calculated\" style=\"margin:0;--fontSize:33;line-height:1.45;\">Katso<\/h1><span class=\"awb-title-spacer\"><\/span><div class=\"title-sep-container title-sep-container-right\"><div class=\"title-sep sep-double sep-solid\" style=\"border-color:#e0dede;\"><\/div><\/div><\/div><div class=\"fusion-video fusion-youtube\" style=\"--awb-max-width:600px;--awb-max-height:350px;\"><div class=\"video-shortcode\"><div class=\"fluid-width-video-wrapper\" style=\"padding-top:58.33%;\" ><iframe class=\"fusion-hidden\" data-privacy-type=\"youtube\" src=\"\" title=\"YouTube video player 1\" data-privacy-src=\"https:\/\/www.youtube.com\/embed\/7M_h1dqwnf8?wmode=transparent&autoplay=0\" width=\"600\" height=\"350\" allowfullscreen allow=\"autoplay; clipboard-write; encrypted-media; gyroscope; picture-in-picture;\"><\/iframe><div class=\"fusion-privacy-placeholder\" style=\"width:600px; height:350px;\" data-privacy-type=\"youtube\"><div class=\"fusion-privacy-placeholder-content\"><div class=\"fusion-privacy-label\">For privacy reasons YouTube needs your permission to be loaded. For more details, please see our <a class=\"privacy-policy-link\" href=\"https:\/\/agnicoeagle.fi\/privacy-policy\/\" rel=\"privacy-policy\">Privacy Policy<\/a>.<\/div><button data-privacy-type=\"youtube\" class=\"fusion-button button-default fusion-button-default-size button fusion-privacy-consent\">I Accept<\/button><\/div><\/div><\/div><\/div><\/div><div class=\"fusion-clearfix\"><\/div><\/div><\/div><div class=\"fusion-layout-column fusion_builder_column fusion-builder-column-5 fusion_builder_column_1_1 1_1 fusion-one-full fusion-column-first fusion-column-last fusion-column-no-min-height\" style=\"--awb-bg-size:cover;--awb-margin-bottom:0px;\"><div class=\"fusion-column-wrapper fusion-flex-column-wrapper-legacy\"><div class=\"fusion-section-separator section-separator triangle fusion-section-separator-2\" style=\"--awb-border-bottom:5px solid #d8d8d8;--awb-spacer-height:5px;--awb-svg-margin-left:0;--awb-svg-margin-right:0;--awb-icon-color:#d8d8d8;--awb-icon-top:auto;--awb-icon-bottom:-15px;\"><div class=\"fusion-section-separator-svg\"><div class=\"divider-candy-arrow bottom\" style=\"top:5px;border-top-color: #d8d8d8;\"><\/div><div class=\"divider-candy bottom\" style=\"bottom:-25px;border-bottom:1px solid #d8d8d8;border-left:1px solid #d8d8d8;\"><\/div><\/div><div class=\"fusion-section-separator-spacer\"><div class=\"fusion-section-separator-spacer-height\"><\/div><\/div><\/div><div class=\"fusion-clearfix\"><\/div><\/div><\/div><div class=\"fusion-layout-column fusion_builder_column fusion-builder-column-6 fusion_builder_column_1_2 1_2 fusion-one-half fusion-column-first\" style=\"--awb-bg-size:cover;--awb-margin-top:50px;width:48%; margin-right: 4%;\"><div class=\"fusion-column-wrapper fusion-flex-column-wrapper-legacy\"><div class=\"fusion-title title fusion-title-5 fusion-title-text fusion-title-size-one\" style=\"--awb-margin-top-small:0px;--awb-margin-right-small:0px;--awb-margin-bottom-small:20px;--awb-margin-left-small:0px;\"><h1 class=\"fusion-title-heading title-heading-left fusion-responsive-typography-calculated\" style=\"margin:0;--fontSize:33;line-height:1.45;\">Uutisia tuotannosta<\/h1><span class=\"awb-title-spacer\"><\/span><div class=\"title-sep-container\"><div class=\"title-sep sep-double sep-solid\" style=\"border-color:#e0dede;\"><\/div><\/div><\/div><div class=\"fusion-clearfix\"><\/div><\/div><\/div><div class=\"fusion-layout-column fusion_builder_column fusion-builder-column-7 fusion_builder_column_1_2 1_2 fusion-one-half fusion-column-last\" style=\"--awb-bg-size:cover;--awb-margin-top:50px;width:48%;\"><div class=\"fusion-column-wrapper fusion-flex-column-wrapper-legacy\"><div class=\"fusion-title title fusion-title-6 fusion-title-center fusion-title-text fusion-title-size-one\" style=\"--awb-margin-top-small:0px;--awb-margin-right-small:0px;--awb-margin-bottom-small:20px;--awb-margin-left-small:0px;\"><div class=\"title-sep-container title-sep-container-left\"><div class=\"title-sep sep-double sep-solid\" style=\"border-color:#e0dede;\"><\/div><\/div><span class=\"awb-title-spacer\"><\/span><h1 class=\"fusion-title-heading title-heading-center fusion-responsive-typography-calculated\" style=\"margin:0;--fontSize:33;line-height:1.45;\">Kartta<\/h1><span class=\"awb-title-spacer\"><\/span><div class=\"title-sep-container title-sep-container-right\"><div class=\"title-sep sep-double sep-solid\" style=\"border-color:#e0dede;\"><\/div><\/div><\/div><div class=\"fusion-privacy-placeholder\" style=\"width:100%; height:300px;\" data-privacy-type=\"gmaps\"><div class=\"fusion-privacy-placeholder-content\"><div class=\"fusion-privacy-label\">For privacy reasons Google Maps needs your permission to be loaded. For more details, please see our <a class=\"privacy-policy-link\" href=\"https:\/\/agnicoeagle.fi\/privacy-policy\/\" rel=\"privacy-policy\">Privacy Policy<\/a>.<\/div><button data-privacy-type=\"gmaps\" class=\"fusion-button button-default fusion-button-default-size button fusion-privacy-consent\">I Accept<\/button><\/div><\/div>\t\t\t\t\t<noscript class=\"fusion-hidden\" data-privacy-script=\"true\" data-privacy-type=\"gmaps\" type=\"text\/javascript\">\n\t\t\t\t\t\tvar map_fusion_map_69de333e0a80b;\n\t\t\t\t\t\tvar markers = [];\n\t\t\t\t\t\tvar counter = 0;\n\t\t\t\t\t\t\t\t\t\t\t\t\t\t\t\t\t\t\t\tvar fusionMapNonce = 'bd0c9eedfa';\n\t\t\t\t\t\t\t\t\t\t\t\tfunction fusion_run_map_fusion_map_69de333e0a80b() {\n\t\t\t\t\t\t\tjQuery ('#fusion_map_69de333e0a80b' ).fusion_maps( {\n\t\t\t\t\t\t\t\taddresses: [{\"address\":\"67.903489, 25.408096\",\"infobox_content\":\"Kittil\\u00e4n kaivos\",\"marker\":\"https:\\\/\\\/agnicoeagle.fi\\\/wp-content\\\/uploads\\\/2016\\\/09\\\/Map-Pin_Blue_45px.png\",\"coordinates\":true,\"latitude\":\"67.903489\",\"longitude\":\" 25.408096\",\"cache\":true,\"geocoded_address\":\"67.903489, 25.408096\"}],\n\t\t\t\t\t\t\t\tanimations: true,\n\t\t\t\t\t\t\t\tinfobox_background_color: '#009cde',\n\t\t\t\t\t\t\t\tinfobox_styling: 'default',\n\t\t\t\t\t\t\t\tinfobox_text_color: '#ffffff',\n\t\t\t\t\t\t\t\tmap_style: 'custom',\n\t\t\t\t\t\t\t\tmap_type: 'satellite',\n\t\t\t\t\t\t\t\tmarker_icon: 'https:\/\/agnicoeagle.fi\/wp-content\/uploads\/2016\/09\/Map-Pin_Blue_45px.png',\n\t\t\t\t\t\t\t\toverlay_color: '',\n\t\t\t\t\t\t\t\toverlay_color_hsl: {\"hue\":0,\"sat\":0,\"lum\":100},\n\t\t\t\t\t\t\t\tshow_address: true,\n\t\t\t\t\t\t\t\tscale_control: true,\n\t\t\t\t\t\t\t\tscrollwheel: false,\n\t\t\t\t\t\t\t\tzoom: 4,\n\t\t\t\t\t\t\t\tzoom_control: true,\n\t\t\t\t\t\t\t} );\n\t\t\t\t\t\t}\n\n\t\t\t\t\t\tgoogle.maps.event.addDomListener(window, 'load', fusion_run_map_fusion_map_69de333e0a80b);\n\t\t\t\t\t<\/noscript>\n\t\t\t\t\t<div class=\"shortcode-map fusion-google-map fusion-maps-js-type fusion-hidden\" id=\"fusion_map_69de333e0a80b\"><\/div><div class=\"fusion-clearfix\"><\/div><\/div><\/div><\/div><\/div>\n","protected":false},"excerpt":{"rendered":"","protected":false},"author":9,"featured_media":0,"parent":12432,"menu_order":0,"comment_status":"closed","ping_status":"closed","template":"","meta":{"_bbp_topic_count":0,"_bbp_reply_count":0,"_bbp_total_topic_count":0,"_bbp_total_reply_count":0,"_bbp_voice_count":0,"_bbp_anonymous_reply_count":0,"_bbp_topic_count_hidden":0,"_bbp_reply_count_hidden":0,"_bbp_forum_subforum_count":0,"footnotes":""},"class_list":["post-12433","page","type-page","status-publish","hentry"],"_links":{"self":[{"href":"https:\/\/agnicoeagle.fi\/fi\/wp-json\/wp\/v2\/pages\/12433","targetHints":{"allow":["GET"]}}],"collection":[{"href":"https:\/\/agnicoeagle.fi\/fi\/wp-json\/wp\/v2\/pages"}],"about":[{"href":"https:\/\/agnicoeagle.fi\/fi\/wp-json\/wp\/v2\/types\/page"}],"author":[{"embeddable":true,"href":"https:\/\/agnicoeagle.fi\/fi\/wp-json\/wp\/v2\/users\/9"}],"replies":[{"embeddable":true,"href":"https:\/\/agnicoeagle.fi\/fi\/wp-json\/wp\/v2\/comments?post=12433"}],"version-history":[{"count":0,"href":"https:\/\/agnicoeagle.fi\/fi\/wp-json\/wp\/v2\/pages\/12433\/revisions"}],"up":[{"embeddable":true,"href":"https:\/\/agnicoeagle.fi\/fi\/wp-json\/wp\/v2\/pages\/12432"}],"wp:attachment":[{"href":"https:\/\/agnicoeagle.fi\/fi\/wp-json\/wp\/v2\/media?parent=12433"}],"curies":[{"name":"wp","href":"https:\/\/api.w.org\/{rel}","templated":true}]}}