{"id":12435,"date":"2016-10-10T10:14:37","date_gmt":"2016-10-10T07:14:37","guid":{"rendered":"http:\/\/aemfinlandtest.wpengine.com\/?page_id=12435&#038;lang=fi"},"modified":"2023-08-29T21:08:53","modified_gmt":"2023-08-29T18:08:53","slug":"yhteistyosuhteet","status":"publish","type":"page","link":"https:\/\/agnicoeagle.fi\/fi\/kestavyys\/yhteistyosuhteet\/","title":{"rendered":"Yhteisty\u00f6suhteet"},"content":{"rendered":"<div class=\"fusion-fullwidth fullwidth-box fusion-builder-row-1 hundred-percent-fullwidth non-hundred-percent-height-scrolling\" style=\"--awb-border-radius-top-left:0px;--awb-border-radius-top-right:0px;--awb-border-radius-bottom-right:0px;--awb-border-radius-bottom-left:0px;--awb-overflow:visible;--awb-flex-wrap:wrap;\" ><div class=\"fusion-builder-row fusion-row\"><div class=\"fusion-layout-column fusion_builder_column fusion-builder-column-0 fusion_builder_column_2_3 2_3 fusion-two-third fusion-column-first\" style=\"--awb-bg-size:cover;width:65.3333%; margin-right: 4%;\"><div class=\"fusion-column-wrapper fusion-flex-column-wrapper-legacy\"><div class=\"fusion-title title fusion-title-1 fusion-title-text fusion-title-size-one\" style=\"--awb-margin-top-small:0px;--awb-margin-right-small:0px;--awb-margin-bottom-small:20px;--awb-margin-left-small:0px;\"><h1 class=\"fusion-title-heading title-heading-left fusion-responsive-typography-calculated\" style=\"margin:0;--fontSize:33;line-height:1.45;\">Sidosryhm\u00e4t<\/h1><span class=\"awb-title-spacer\"><\/span><div class=\"title-sep-container\"><div class=\"title-sep sep-double sep-solid\" style=\"border-color:#e0dede;\"><\/div><\/div><\/div><div class=\"fusion-text fusion-text-1\"><p>Olemme osa yhteis\u00f6\u00e4, jossa toimimme. Meille on t\u00e4rke\u00e4\u00e4 rakentaa avoimet ja luottamukselliset yhteisty\u00f6suhteet sidosryhmiemme kanssa, jotta voimme yhdess\u00e4 luoda hyvinvointia ja edist\u00e4\u00e4 taloudellista ja yhteiskunnallista kehityst\u00e4 Kittil\u00e4ss\u00e4 ja muualla Lapissa.<\/p>\n<p>T\u00e4rkeit\u00e4 yhteisty\u00f6kumppaneitamme ovat Kuivasalmen paliskunta, kyl\u00e4yhdistykset ja l\u00e4hikylien asukkaat, joiden kanssa keskustelemme heid\u00e4n mielt\u00e4\u00e4n askarruttavista asioista, ajankohtaisista tapahtumista ja suunnitelmistamme. Kittil\u00e4n kunnan luottamushenkil\u00f6iden ja viranhaltijoiden kanssa k\u00e4ymme jatkuvaa vuoropuhelua. Vuoropuhelun kehitt\u00e4miseksi perustimme syksyll\u00e4 2013 yhteisty\u00f6ryhm\u00e4n, jossa on edustajia t\u00e4rkeimmist\u00e4 sidosryhmist\u00e4mme Kittil\u00e4n alueella: paliskunnasta, naapurikylist\u00e4, VisitLevist\u00e4, Kittil\u00e4n Luonto ry:st\u00e4, Kittil\u00e4n seurakunnasta ja kunnasta sek\u00e4 Lapin koulutuskeskus REDUsta.<\/p>\n<p>Kumppaneitamme ovat my\u00f6s tutkimuslaitokset, yliopistot, ammattikorkeakoulut ja ammatilliset oppilaitokset, joiden kanssa toteutamme yhteisi\u00e4 tutkimus- ja koulutushankkeita. Hankkeiden aiheina voivat olla esimerkiksi teknologia, ymp\u00e4rist\u00f6asiat tai ty\u00f6hyvinvointi.<\/p>\n<\/div><div class=\"fusion-clearfix\"><\/div><\/div><\/div><div class=\"fusion-layout-column fusion_builder_column fusion-builder-column-1 fusion_builder_column_1_3 1_3 fusion-one-third fusion-column-last\" style=\"--awb-bg-size:cover;width:30.6666%;\"><div class=\"fusion-column-wrapper fusion-flex-column-wrapper-legacy\"><div class=\"fusion-title title fusion-title-2 fusion-title-center fusion-title-text fusion-title-size-one\" style=\"--awb-margin-top-small:0px;--awb-margin-right-small:0px;--awb-margin-bottom-small:20px;--awb-margin-left-small:0px;\"><div class=\"title-sep-container title-sep-container-left\"><div class=\"title-sep sep-double sep-solid\" style=\"border-color:#e0dede;\"><\/div><\/div><span class=\"awb-title-spacer\"><\/span><h1 class=\"fusion-title-heading title-heading-center fusion-responsive-typography-calculated\" style=\"margin:0;--fontSize:33;line-height:1.45;\">Oppilaitokset<\/h1><span class=\"awb-title-spacer\"><\/span><div class=\"title-sep-container title-sep-container-right\"><div class=\"title-sep sep-double sep-solid\" style=\"border-color:#e0dede;\"><\/div><\/div><\/div><div class=\"fusion-reading-box-container reading-box-container-1\" style=\"--awb-title-color:#333333;--awb-margin-top:0px;--awb-margin-bottom:84px;\"><div class=\"reading-box reading-box-center\" style=\"background-color:#f6f6f6;border-width:1px;border-color:#f6f6f6;border-top-width:3px;border-top-color:var(--primary_color);border-style:solid;\"><div class=\"reading-box-description\">Agnico Eagle Finland tekee l\u00e4heist\u00e4 yhteisty\u00f6t\u00e4 oppilaitosten kanssa koulutuksen eri osa-alueilla. Tarjoamme opiskelijoille my\u00f6s harjoittelupaikkoja sek\u00e4 mahdollisuuksia opinn\u00e4ytet\u00f6iden tekemiseen.<\/div><div class=\"fusion-clearfix\"><\/div><a class=\"button fusion-button button-default fusion-button-default-size button-default-size button-flat fusion-mobile-button continue-center\" style=\"-webkit-box-shadow:none;-moz-box-shadow:none;box-shadow:none;border-radius:  \" href=\"https:\/\/agnicoeagle.fi\/fi\/urat\/\" target=\"_self\"><span>Ty\u00f6paikat<\/span><\/a><\/div><\/div><div class=\"fusion-clearfix\"><\/div><\/div><\/div><div class=\"fusion-layout-column fusion_builder_column fusion-builder-column-2 fusion_builder_column_1_1 1_1 fusion-one-full fusion-column-first fusion-column-last fusion-column-no-min-height\" style=\"--awb-bg-size:cover;--awb-margin-bottom:0px;\"><div class=\"fusion-column-wrapper fusion-flex-column-wrapper-legacy\"><div class=\"fusion-section-separator section-separator triangle fusion-section-separator-1\" style=\"--awb-border-bottom:5px solid #d8d8d8;--awb-spacer-height:5px;--awb-svg-margin-left:0;--awb-svg-margin-right:0;--awb-icon-color:#d8d8d8;--awb-icon-top:auto;--awb-icon-bottom:-15px;\"><div class=\"fusion-section-separator-svg\"><div class=\"divider-candy-arrow bottom\" style=\"top:5px;border-top-color: #d8d8d8;\"><\/div><div class=\"divider-candy bottom\" style=\"bottom:-25px;border-bottom:1px solid #d8d8d8;border-left:1px solid #d8d8d8;\"><\/div><\/div><div class=\"fusion-section-separator-spacer\"><div class=\"fusion-section-separator-spacer-height\"><\/div><\/div><\/div><div class=\"fusion-clearfix\"><\/div><\/div><\/div><div class=\"fusion-layout-column fusion_builder_column fusion-builder-column-3 fusion_builder_column_1_2 1_2 fusion-one-half fusion-column-first\" style=\"--awb-bg-size:cover;--awb-margin-top:50px;width:48%; margin-right: 4%;\"><div class=\"fusion-column-wrapper fusion-flex-column-wrapper-legacy\"><div class=\"fusion-title title fusion-title-3 fusion-title-text fusion-title-size-one\" style=\"--awb-margin-top-small:0px;--awb-margin-right-small:0px;--awb-margin-bottom-small:20px;--awb-margin-left-small:0px;\"><h1 class=\"fusion-title-heading title-heading-left fusion-responsive-typography-calculated\" style=\"margin:0;--fontSize:33;line-height:1.45;\">Kittil\u00e4n kaivos numeroina<\/h1><span class=\"awb-title-spacer\"><\/span><div class=\"title-sep-container\"><div class=\"title-sep sep-double sep-solid\" style=\"border-color:#e0dede;\"><\/div><\/div><\/div><div class=\"fusion-counters-box counters-box row fusion-clearfix fusion-columns-3\" style=\"--awb-color:#009cde;--awb-title-size:35;--awb-icon-size:35;\"><div class=\"fusion-counter-box fusion-column col-counter-box counter-box-wrapper col-lg-4 col-md-4 col-sm-4\" data-animationOffset=\"top-into-view\"><div class=\"counter-box-container\"><div class=\"content-box-percentage content-box-counter\"><i class=\"counter-box-icon fontawesome-icon fa-users fas\" aria-hidden=\"true\"><\/i><span class=\"display-counter\" data-value=\"480\" data-direction=\"up\" data-decimals=\"0\">0<\/span><\/div><div class=\"counter-box-content\">Ty\u00f6ntekij\u00e4t<\/div><\/div><\/div><div class=\"fusion-counter-box fusion-column col-counter-box counter-box-wrapper col-lg-4 col-md-4 col-sm-4\" data-animationOffset=\"top-into-view\"><div class=\"counter-box-container\"><div class=\"content-box-percentage content-box-counter\"><i class=\"counter-box-icon fontawesome-icon fa fa-map-marker\" aria-hidden=\"true\"><\/i><span class=\"display-counter\" data-value=\"90\" data-direction=\"up\" data-decimals=\"0\">0<\/span><span class=\"unit\">%<\/span><\/div><div class=\"counter-box-content\">Lapista<\/div><\/div><\/div><div class=\"fusion-counter-box fusion-column col-counter-box counter-box-wrapper col-lg-4 col-md-4 col-sm-4\" data-animationOffset=\"top-into-view\"><div class=\"counter-box-container\"><div class=\"content-box-percentage content-box-counter\"><i class=\"counter-box-icon fontawesome-icon fa fa-tree\" aria-hidden=\"true\"><\/i><span class=\"display-counter\" data-value=\"50\" data-direction=\"up\" data-decimals=\"0\">0<\/span><span class=\"unit\">%<\/span><\/div><div class=\"counter-box-content\">Kittil\u00e4st\u00e4 <\/div><\/div><\/div><div class=\"fusion-counter-box fusion-column col-counter-box counter-box-wrapper col-lg-4 col-md-4 col-sm-4\" data-animationOffset=\"top-into-view\"><div class=\"counter-box-container\"><div class=\"content-box-percentage content-box-counter\"><i class=\"counter-box-icon fontawesome-icon fa fa-check-circle\" aria-hidden=\"true\"><\/i><span class=\"display-counter\" data-value=\"100\" data-direction=\"up\" data-decimals=\"0\">0<\/span><span class=\"unit\">%<\/span><\/div><div class=\"counter-box-content\">Omistajuus<\/div><\/div><\/div><div class=\"fusion-counter-box fusion-column col-counter-box counter-box-wrapper col-lg-4 col-md-4 col-sm-4\" data-animationOffset=\"top-into-view\"><div class=\"counter-box-container\"><div class=\"content-box-percentage content-box-counter\"><i class=\"counter-box-icon fontawesome-icon fa fa-book\" aria-hidden=\"true\"><\/i><span class=\"display-counter\" data-value=\"25\" data-direction=\"up\" data-decimals=\"0\">0<\/span><\/div><div class=\"counter-box-content\">Opiskelijaa\/vuosi<\/div><\/div><\/div><div class=\"fusion-counter-box fusion-column col-counter-box counter-box-wrapper col-lg-4 col-md-4 col-sm-4\" data-animationOffset=\"top-into-view\"><div class=\"counter-box-container\"><div class=\"content-box-percentage content-box-counter\"><i class=\"counter-box-icon fontawesome-icon fa-table fas\" aria-hidden=\"true\"><\/i><span class=\"display-counter\" data-value=\"2034\" data-direction=\"up\" data-decimals=\"0\">0<\/span><\/div><div class=\"counter-box-content\">Toiminta-aika<\/div><\/div><\/div><\/div><div class=\"clearfix\"><\/div><div class=\"fusion-clearfix\"><\/div><\/div><\/div><div class=\"fusion-layout-column fusion_builder_column fusion-builder-column-4 fusion_builder_column_1_2 1_2 fusion-one-half fusion-column-last\" style=\"--awb-bg-size:cover;--awb-margin-top:50px;--awb-margin-bottom:50px;width:48%;\"><div class=\"fusion-column-wrapper fusion-flex-column-wrapper-legacy\"><div class=\"fusion-title title fusion-title-4 fusion-title-center fusion-title-text fusion-title-size-one\" style=\"--awb-margin-top-small:0px;--awb-margin-right-small:0px;--awb-margin-bottom-small:20px;--awb-margin-left-small:0px;\"><div class=\"title-sep-container title-sep-container-left\"><div class=\"title-sep sep-double sep-solid\" style=\"border-color:#e0dede;\"><\/div><\/div><span class=\"awb-title-spacer\"><\/span><h1 class=\"fusion-title-heading title-heading-center fusion-responsive-typography-calculated\" style=\"margin:0;--fontSize:33;line-height:1.45;\">Katso<\/h1><span class=\"awb-title-spacer\"><\/span><div class=\"title-sep-container title-sep-container-right\"><div class=\"title-sep sep-double sep-solid\" style=\"border-color:#e0dede;\"><\/div><\/div><\/div><div class=\"fusion-video fusion-youtube\" style=\"--awb-max-width:600px;--awb-max-height:350px;\"><div class=\"video-shortcode\"><div class=\"fluid-width-video-wrapper\" style=\"padding-top:58.33%;\" ><iframe class=\"fusion-hidden\" data-privacy-type=\"youtube\" src=\"\" title=\"YouTube video player 1\" data-privacy-src=\"https:\/\/www.youtube.com\/embed\/ZzgJkCyeGSg?wmode=transparent&autoplay=0\" width=\"600\" height=\"350\" allowfullscreen allow=\"autoplay; clipboard-write; encrypted-media; gyroscope; picture-in-picture;\"><\/iframe><div class=\"fusion-privacy-placeholder\" style=\"width:600px; height:350px;\" data-privacy-type=\"youtube\"><div class=\"fusion-privacy-placeholder-content\"><div class=\"fusion-privacy-label\">For privacy reasons YouTube needs your permission to be loaded. For more details, please see our <a class=\"privacy-policy-link\" href=\"https:\/\/agnicoeagle.fi\/privacy-policy\/\" rel=\"privacy-policy\">Privacy Policy<\/a>.<\/div><button data-privacy-type=\"youtube\" class=\"fusion-button button-default fusion-button-default-size button fusion-privacy-consent\">I Accept<\/button><\/div><\/div><\/div><\/div><\/div><div class=\"fusion-clearfix\"><\/div><\/div><\/div><\/div><\/div>\n","protected":false},"excerpt":{"rendered":"","protected":false},"author":9,"featured_media":0,"parent":12426,"menu_order":0,"comment_status":"closed","ping_status":"closed","template":"","meta":{"_bbp_topic_count":0,"_bbp_reply_count":0,"_bbp_total_topic_count":0,"_bbp_total_reply_count":0,"_bbp_voice_count":0,"_bbp_anonymous_reply_count":0,"_bbp_topic_count_hidden":0,"_bbp_reply_count_hidden":0,"_bbp_forum_subforum_count":0,"footnotes":""},"class_list":["post-12435","page","type-page","status-publish","hentry"],"_links":{"self":[{"href":"https:\/\/agnicoeagle.fi\/fi\/wp-json\/wp\/v2\/pages\/12435","targetHints":{"allow":["GET"]}}],"collection":[{"href":"https:\/\/agnicoeagle.fi\/fi\/wp-json\/wp\/v2\/pages"}],"about":[{"href":"https:\/\/agnicoeagle.fi\/fi\/wp-json\/wp\/v2\/types\/page"}],"author":[{"embeddable":true,"href":"https:\/\/agnicoeagle.fi\/fi\/wp-json\/wp\/v2\/users\/9"}],"replies":[{"embeddable":true,"href":"https:\/\/agnicoeagle.fi\/fi\/wp-json\/wp\/v2\/comments?post=12435"}],"version-history":[{"count":0,"href":"https:\/\/agnicoeagle.fi\/fi\/wp-json\/wp\/v2\/pages\/12435\/revisions"}],"up":[{"embeddable":true,"href":"https:\/\/agnicoeagle.fi\/fi\/wp-json\/wp\/v2\/pages\/12426"}],"wp:attachment":[{"href":"https:\/\/agnicoeagle.fi\/fi\/wp-json\/wp\/v2\/media?parent=12435"}],"curies":[{"name":"wp","href":"https:\/\/api.w.org\/{rel}","templated":true}]}}