{"id":12440,"date":"2016-10-10T10:17:39","date_gmt":"2016-10-10T07:17:39","guid":{"rendered":"http:\/\/aemfinlandtest.wpengine.com\/?page_id=12440&#038;lang=fi"},"modified":"2025-05-09T11:47:09","modified_gmt":"2025-05-09T08:47:09","slug":"kaivossanomat","status":"publish","type":"page","link":"https:\/\/agnicoeagle.fi\/fi\/media\/kaivossanomat\/","title":{"rendered":"Kaivossanomat"},"content":{"rendered":"<div class=\"fusion-fullwidth fullwidth-box fusion-builder-row-1 hundred-percent-fullwidth non-hundred-percent-height-scrolling\" style=\"--awb-border-radius-top-left:0px;--awb-border-radius-top-right:0px;--awb-border-radius-bottom-right:0px;--awb-border-radius-bottom-left:0px;--awb-overflow:visible;--awb-flex-wrap:wrap;\" ><div class=\"fusion-builder-row fusion-row\"><div class=\"fusion-layout-column fusion_builder_column fusion-builder-column-0 fusion_builder_column_1_3 1_3 fusion-one-third fusion-column-first\" style=\"--awb-bg-size:cover;width:30.6666%; margin-right: 4%;\"><div class=\"fusion-column-wrapper fusion-flex-column-wrapper-legacy\"><div class=\"fusion-title title fusion-title-1 fusion-title-text fusion-title-size-one\" style=\"--awb-margin-top-small:0px;--awb-margin-right-small:0px;--awb-margin-bottom-small:20px;--awb-margin-left-small:0px;\"><h1 class=\"fusion-title-heading title-heading-left fusion-responsive-typography-calculated\" style=\"margin:0;--fontSize:33;line-height:1.45;\">Tietoa<\/h1><span class=\"awb-title-spacer\"><\/span><div class=\"title-sep-container\"><div class=\"title-sep sep-double sep-solid\" style=\"border-color:#e0dede;\"><\/div><\/div><\/div><div class=\"fusion-text fusion-text-1\"><p>Kaivossanomat on tiedotuslehtisemme, jota julkaisemme s\u00e4\u00e4nn\u00f6llisesti sidosryhmillemme. Lehtinen sis\u00e4lt\u00e4\u00e4 tietoa toiminnastamme ja suunnitelmistamme. Kaivossanomat on saatavana ainoastaan suomeksi.<\/p>\n<\/div><div class=\"fusion-clearfix\"><\/div><\/div><\/div><div class=\"fusion-layout-column fusion_builder_column fusion-builder-column-1 fusion_builder_column_2_3 2_3 fusion-two-third fusion-column-last\" style=\"--awb-bg-size:cover;width:65.3333%;\"><div class=\"fusion-column-wrapper fusion-flex-column-wrapper-legacy\"><div class=\"fusion-title title fusion-title-2 fusion-title-center fusion-title-text fusion-title-size-one\" style=\"--awb-margin-top-small:0px;--awb-margin-right-small:0px;--awb-margin-bottom-small:20px;--awb-margin-left-small:0px;\"><div class=\"title-sep-container title-sep-container-left\"><div class=\"title-sep sep-double sep-solid\" style=\"border-color:#e0dede;\"><\/div><\/div><span class=\"awb-title-spacer\"><\/span><h1 class=\"fusion-title-heading title-heading-center fusion-responsive-typography-calculated\" style=\"margin:0;--fontSize:33;line-height:1.45;\">Kaivossanomat<\/h1><span class=\"awb-title-spacer\"><\/span><div class=\"title-sep-container title-sep-container-right\"><div class=\"title-sep sep-double sep-solid\" style=\"border-color:#e0dede;\"><\/div><\/div><\/div><div class=\"fusion-text fusion-text-2\"><\/div><div class=\"fusion-tabs fusion-tabs-1 classic nav-is-justified horizontal-tabs icon-position-left mobile-mode-accordion\" style=\"--awb-title-border-radius-top-left:0px;--awb-title-border-radius-top-right:0px;--awb-title-border-radius-bottom-right:0px;--awb-title-border-radius-bottom-left:0px;--awb-inactive-color:#f1f2f2;--awb-background-color:#ffffff;--awb-border-color:#ebeaea;--awb-active-border-color:#009cde;\"><div class=\"nav\"><ul class=\"nav-tabs nav-justified\" role=\"tablist\" aria-orientation=\"horizontal\"><li class=\"active\" role=\"presentation\"><a class=\"tab-link\" data-toggle=\"tab\" role=\"tab\" aria-controls=\"tab-9f9fc12f99ab770e34a\" aria-selected=\"true\" tabindex=\"0\" id=\"fusion-tab-9f9fc12f99ab770e34a\" href=\"#tab-9f9fc12f99ab770e34a\"><h4 class=\"fusion-tab-heading\">2025<\/h4><\/a><\/li><li  role=\"presentation\"><a class=\"tab-link\" data-toggle=\"tab\" role=\"tab\" aria-controls=\"tab-439bc784e36347191ab\" aria-selected=\"false\" tabindex=\"-1\" id=\"fusion-tab-439bc784e36347191ab\" href=\"#tab-439bc784e36347191ab\"><h4 class=\"fusion-tab-heading\">2023<\/h4><\/a><\/li><li  role=\"presentation\"><a class=\"tab-link\" data-toggle=\"tab\" role=\"tab\" aria-controls=\"tab-1e1d4d16893ae023a1e\" aria-selected=\"false\" tabindex=\"-1\" id=\"fusion-tab-1e1d4d16893ae023a1e\" href=\"#tab-1e1d4d16893ae023a1e\"><h4 class=\"fusion-tab-heading\">2021<\/h4><\/a><\/li><li  role=\"presentation\"><a class=\"tab-link\" data-toggle=\"tab\" role=\"tab\" aria-controls=\"tab-c5ff44f8dc5edf28ce8\" aria-selected=\"false\" tabindex=\"-1\" id=\"fusion-tab-c5ff44f8dc5edf28ce8\" href=\"#tab-c5ff44f8dc5edf28ce8\"><h4 class=\"fusion-tab-heading\">2020<\/h4><\/a><\/li><li  role=\"presentation\"><a class=\"tab-link\" data-toggle=\"tab\" role=\"tab\" aria-controls=\"tab-04eb39340db41d5afde\" aria-selected=\"false\" tabindex=\"-1\" id=\"fusion-tab-04eb39340db41d5afde\" href=\"#tab-04eb39340db41d5afde\"><h4 class=\"fusion-tab-heading\">2019<\/h4><\/a><\/li><li  role=\"presentation\"><a class=\"tab-link\" data-toggle=\"tab\" role=\"tab\" aria-controls=\"tab-da51527243f74aabd71\" aria-selected=\"false\" tabindex=\"-1\" id=\"fusion-tab-da51527243f74aabd71\" href=\"#tab-da51527243f74aabd71\"><h4 class=\"fusion-tab-heading\">2018<\/h4><\/a><\/li><li  role=\"presentation\"><a class=\"tab-link\" data-toggle=\"tab\" role=\"tab\" aria-controls=\"tab-3f6c05bf00e1ac2d328\" aria-selected=\"false\" tabindex=\"-1\" id=\"fusion-tab-3f6c05bf00e1ac2d328\" href=\"#tab-3f6c05bf00e1ac2d328\"><h4 class=\"fusion-tab-heading\">2017<\/h4><\/a><\/li><li  role=\"presentation\"><a class=\"tab-link\" data-toggle=\"tab\" role=\"tab\" aria-controls=\"tab-54e04a748fd0e312f33\" aria-selected=\"false\" tabindex=\"-1\" id=\"fusion-tab-54e04a748fd0e312f33\" href=\"#tab-54e04a748fd0e312f33\"><h4 class=\"fusion-tab-heading\">2016<\/h4><\/a><\/li><li  role=\"presentation\"><a class=\"tab-link\" data-toggle=\"tab\" role=\"tab\" aria-controls=\"tab-31c59a6de8f467629bb\" aria-selected=\"false\" tabindex=\"-1\" id=\"fusion-tab-31c59a6de8f467629bb\" href=\"#tab-31c59a6de8f467629bb\"><h4 class=\"fusion-tab-heading\">2015<\/h4><\/a><\/li><li  role=\"presentation\"><a class=\"tab-link\" data-toggle=\"tab\" role=\"tab\" aria-controls=\"tab-78049e08070cc76d1c7\" aria-selected=\"false\" tabindex=\"-1\" id=\"fusion-tab-78049e08070cc76d1c7\" href=\"#tab-78049e08070cc76d1c7\"><h4 class=\"fusion-tab-heading\">2014<\/h4><\/a><\/li><li  role=\"presentation\"><a class=\"tab-link\" data-toggle=\"tab\" role=\"tab\" aria-controls=\"tab-60706286f105cee6270\" aria-selected=\"false\" tabindex=\"-1\" id=\"fusion-tab-60706286f105cee6270\" href=\"#tab-60706286f105cee6270\"><h4 class=\"fusion-tab-heading\">2013<\/h4><\/a><\/li><li  role=\"presentation\"><a class=\"tab-link\" data-toggle=\"tab\" role=\"tab\" aria-controls=\"tab-9d05d96efd2d1b08934\" aria-selected=\"false\" tabindex=\"-1\" id=\"fusion-tab-9d05d96efd2d1b08934\" href=\"#tab-9d05d96efd2d1b08934\"><h4 class=\"fusion-tab-heading\">2012<\/h4><\/a><\/li><\/ul><\/div><div class=\"tab-content\"><div class=\"nav fusion-mobile-tab-nav\"><ul class=\"nav-tabs nav-justified\" role=\"tablist\" aria-orientation=\"horizontal\"><li class=\"active\" role=\"presentation\"><a class=\"tab-link\" data-toggle=\"tab\" role=\"tab\" aria-controls=\"tab-9f9fc12f99ab770e34a\" aria-selected=\"true\" tabindex=\"0\" id=\"mobile-fusion-tab-9f9fc12f99ab770e34a\" href=\"#tab-9f9fc12f99ab770e34a\"><h4 class=\"fusion-tab-heading\">2025<\/h4><\/a><\/li><\/ul><\/div><div class=\"tab-pane fade fusion-clearfix in active\" role=\"tabpanel\" tabindex=\"0\" aria-labelledby=\"fusion-tab-9f9fc12f99ab770e34a\" id=\"tab-9f9fc12f99ab770e34a\"> <a href=\"https:\/\/agnicoeagle.fi\/wp-content\/uploads\/2025\/05\/Kaivossanomat_1_2025_web.pdf\">Kaivossanomat 2025<\/a><\/p>\n<\/div><div class=\"nav fusion-mobile-tab-nav\"><ul class=\"nav-tabs nav-justified\" role=\"tablist\" aria-orientation=\"horizontal\"><li  role=\"presentation\"><a class=\"tab-link\" data-toggle=\"tab\" role=\"tab\" aria-controls=\"tab-439bc784e36347191ab\" aria-selected=\"false\" tabindex=\"-1\" id=\"mobile-fusion-tab-439bc784e36347191ab\" href=\"#tab-439bc784e36347191ab\"><h4 class=\"fusion-tab-heading\">2023<\/h4><\/a><\/li><\/ul><\/div><div class=\"tab-pane fade fusion-clearfix\" role=\"tabpanel\" tabindex=\"0\" aria-labelledby=\"fusion-tab-439bc784e36347191ab\" id=\"tab-439bc784e36347191ab\">\n<p><a href=\"https:\/\/agnicoeagle.fi\/wp-content\/uploads\/2023\/12\/Kaivossanomat_2023_verkko.pdf\">Kaivossanomat 2023<\/a><\/p>\n<\/div><div class=\"nav fusion-mobile-tab-nav\"><ul class=\"nav-tabs nav-justified\" role=\"tablist\" aria-orientation=\"horizontal\"><li  role=\"presentation\"><a class=\"tab-link\" data-toggle=\"tab\" role=\"tab\" aria-controls=\"tab-1e1d4d16893ae023a1e\" aria-selected=\"false\" tabindex=\"-1\" id=\"mobile-fusion-tab-1e1d4d16893ae023a1e\" href=\"#tab-1e1d4d16893ae023a1e\"><h4 class=\"fusion-tab-heading\">2021<\/h4><\/a><\/li><\/ul><\/div><div class=\"tab-pane fade fusion-clearfix\" role=\"tabpanel\" tabindex=\"0\" aria-labelledby=\"fusion-tab-1e1d4d16893ae023a1e\" id=\"tab-1e1d4d16893ae023a1e\">\n<p><a href=\"https:\/\/agnicoeagle.fi\/wp-content\/uploads\/2021\/09\/Kaivossanomat_2021_1.pdf\">Kaivossanomat 2021<\/a><\/p>\n<\/div><div class=\"nav fusion-mobile-tab-nav\"><ul class=\"nav-tabs nav-justified\" role=\"tablist\" aria-orientation=\"horizontal\"><li  role=\"presentation\"><a class=\"tab-link\" data-toggle=\"tab\" role=\"tab\" aria-controls=\"tab-c5ff44f8dc5edf28ce8\" aria-selected=\"false\" tabindex=\"-1\" id=\"mobile-fusion-tab-c5ff44f8dc5edf28ce8\" href=\"#tab-c5ff44f8dc5edf28ce8\"><h4 class=\"fusion-tab-heading\">2020<\/h4><\/a><\/li><\/ul><\/div><div class=\"tab-pane fade fusion-clearfix\" role=\"tabpanel\" tabindex=\"0\" aria-labelledby=\"fusion-tab-c5ff44f8dc5edf28ce8\" id=\"tab-c5ff44f8dc5edf28ce8\">\n<p><a href=\"https:\/\/agnicoeagle.fi\/wp-content\/uploads\/2020\/10\/Kaivossanomat_2020.pdf\" target=\"_blank\" rel=\"noopener noreferrer\">Kaivossanomat 2020<\/a><\/p>\n<\/div><div class=\"nav fusion-mobile-tab-nav\"><ul class=\"nav-tabs nav-justified\" role=\"tablist\" aria-orientation=\"horizontal\"><li  role=\"presentation\"><a class=\"tab-link\" data-toggle=\"tab\" role=\"tab\" aria-controls=\"tab-04eb39340db41d5afde\" aria-selected=\"false\" tabindex=\"-1\" id=\"mobile-fusion-tab-04eb39340db41d5afde\" href=\"#tab-04eb39340db41d5afde\"><h4 class=\"fusion-tab-heading\">2019<\/h4><\/a><\/li><\/ul><\/div><div class=\"tab-pane fade fusion-clearfix\" role=\"tabpanel\" tabindex=\"0\" aria-labelledby=\"fusion-tab-04eb39340db41d5afde\" id=\"tab-04eb39340db41d5afde\">\n<p><a href=\"https:\/\/agnicoeagle.fi\/wp-content\/uploads\/2019\/08\/Kaivossanomat_2019_1.pdf\" target=\"_blank\" rel=\"noopener noreferrer\">Kaivossanomat 2019<\/a><\/p>\n<\/div><div class=\"nav fusion-mobile-tab-nav\"><ul class=\"nav-tabs nav-justified\" role=\"tablist\" aria-orientation=\"horizontal\"><li  role=\"presentation\"><a class=\"tab-link\" data-toggle=\"tab\" role=\"tab\" aria-controls=\"tab-da51527243f74aabd71\" aria-selected=\"false\" tabindex=\"-1\" id=\"mobile-fusion-tab-da51527243f74aabd71\" href=\"#tab-da51527243f74aabd71\"><h4 class=\"fusion-tab-heading\">2018<\/h4><\/a><\/li><\/ul><\/div><div class=\"tab-pane fade fusion-clearfix\" role=\"tabpanel\" tabindex=\"0\" aria-labelledby=\"fusion-tab-da51527243f74aabd71\" id=\"tab-da51527243f74aabd71\">\n<p><a href=\"https:\/\/agnicoeagle.fi\/wp-content\/uploads\/2018\/07\/Kaivossanomat_2018_1.pdf\" target=\"_blank\" rel=\"noopener noreferrer\">Kaivossanomat 2018<\/a><\/p>\n<\/div><div class=\"nav fusion-mobile-tab-nav\"><ul class=\"nav-tabs nav-justified\" role=\"tablist\" aria-orientation=\"horizontal\"><li  role=\"presentation\"><a class=\"tab-link\" data-toggle=\"tab\" role=\"tab\" aria-controls=\"tab-3f6c05bf00e1ac2d328\" aria-selected=\"false\" tabindex=\"-1\" id=\"mobile-fusion-tab-3f6c05bf00e1ac2d328\" href=\"#tab-3f6c05bf00e1ac2d328\"><h4 class=\"fusion-tab-heading\">2017<\/h4><\/a><\/li><\/ul><\/div><div class=\"tab-pane fade fusion-clearfix\" role=\"tabpanel\" tabindex=\"0\" aria-labelledby=\"fusion-tab-3f6c05bf00e1ac2d328\" id=\"tab-3f6c05bf00e1ac2d328\">\n<p><a href=\"https:\/\/agnicoeagle.fi\/wp-content\/uploads\/2017\/10\/Kaivossanomat_2017_1.pdf\" target=\"_blank\" rel=\"noopener noreferrer\">Kaivossanomat 2017<\/a><\/p>\n<\/div><div class=\"nav fusion-mobile-tab-nav\"><ul class=\"nav-tabs nav-justified\" role=\"tablist\" aria-orientation=\"horizontal\"><li  role=\"presentation\"><a class=\"tab-link\" data-toggle=\"tab\" role=\"tab\" aria-controls=\"tab-54e04a748fd0e312f33\" aria-selected=\"false\" tabindex=\"-1\" id=\"mobile-fusion-tab-54e04a748fd0e312f33\" href=\"#tab-54e04a748fd0e312f33\"><h4 class=\"fusion-tab-heading\">2016<\/h4><\/a><\/li><\/ul><\/div><div class=\"tab-pane fade fusion-clearfix\" role=\"tabpanel\" tabindex=\"0\" aria-labelledby=\"fusion-tab-54e04a748fd0e312f33\" id=\"tab-54e04a748fd0e312f33\">\n<p><a href=\"https:\/\/agnicoeagle.fi\/wp-content\/uploads\/2016\/12\/Kaivossanomat_2016_1.pdf\" target=\"_blank\" rel=\"noopener noreferrer\">Kaivossanomat 2\/2016<br \/>\nKaivossanomat 1\/2016<\/a><\/p>\n<\/div><div class=\"nav fusion-mobile-tab-nav\"><ul class=\"nav-tabs nav-justified\" role=\"tablist\" aria-orientation=\"horizontal\"><li  role=\"presentation\"><a class=\"tab-link\" data-toggle=\"tab\" role=\"tab\" aria-controls=\"tab-31c59a6de8f467629bb\" aria-selected=\"false\" tabindex=\"-1\" id=\"mobile-fusion-tab-31c59a6de8f467629bb\" href=\"#tab-31c59a6de8f467629bb\"><h4 class=\"fusion-tab-heading\">2015<\/h4><\/a><\/li><\/ul><\/div><div class=\"tab-pane fade fusion-clearfix\" role=\"tabpanel\" tabindex=\"0\" aria-labelledby=\"fusion-tab-31c59a6de8f467629bb\" id=\"tab-31c59a6de8f467629bb\">\n<p><a href=\"https:\/\/agnicoeagle.fi\/wp-content\/uploads\/2016\/12\/Kaivossanomat_2015_1.pdf\" target=\"_blank\" rel=\"noopener noreferrer\">Kaivossanomat 2015<\/a><\/p>\n<\/div><div class=\"nav fusion-mobile-tab-nav\"><ul class=\"nav-tabs nav-justified\" role=\"tablist\" aria-orientation=\"horizontal\"><li  role=\"presentation\"><a class=\"tab-link\" data-toggle=\"tab\" role=\"tab\" aria-controls=\"tab-78049e08070cc76d1c7\" aria-selected=\"false\" tabindex=\"-1\" id=\"mobile-fusion-tab-78049e08070cc76d1c7\" href=\"#tab-78049e08070cc76d1c7\"><h4 class=\"fusion-tab-heading\">2014<\/h4><\/a><\/li><\/ul><\/div><div class=\"tab-pane fade fusion-clearfix\" role=\"tabpanel\" tabindex=\"0\" aria-labelledby=\"fusion-tab-78049e08070cc76d1c7\" id=\"tab-78049e08070cc76d1c7\">\n<p><a href=\"https:\/\/agnicoeagle.fi\/wp-content\/uploads\/2016\/12\/Kaivossanomat_2014_2.pdf\" target=\"_blank\" rel=\"noopener noreferrer\">Kaivossanomat 2\/2014<\/a><br \/>\n<a href=\"https:\/\/agnicoeagle.fi\/wp-content\/uploads\/2016\/12\/Kaivossanomat_2014_1.pdf\" target=\"_blank\" rel=\"noopener noreferrer\">Kaivossanomat 1\/2014<\/a><\/p>\n<\/div><div class=\"nav fusion-mobile-tab-nav\"><ul class=\"nav-tabs nav-justified\" role=\"tablist\" aria-orientation=\"horizontal\"><li  role=\"presentation\"><a class=\"tab-link\" data-toggle=\"tab\" role=\"tab\" aria-controls=\"tab-60706286f105cee6270\" aria-selected=\"false\" tabindex=\"-1\" id=\"mobile-fusion-tab-60706286f105cee6270\" href=\"#tab-60706286f105cee6270\"><h4 class=\"fusion-tab-heading\">2013<\/h4><\/a><\/li><\/ul><\/div><div class=\"tab-pane fade fusion-clearfix\" role=\"tabpanel\" tabindex=\"0\" aria-labelledby=\"fusion-tab-60706286f105cee6270\" id=\"tab-60706286f105cee6270\">\n<p><a href=\"https:\/\/agnicoeagle.fi\/wp-content\/uploads\/2016\/12\/Kaivossanomat_2013_3.pdf\" target=\"_blank\" rel=\"noopener noreferrer\">Kaivossanomat 3\/2013<\/a><br \/>\n<a href=\"https:\/\/agnicoeagle.fi\/wp-content\/uploads\/2016\/12\/Kaivossanomat_2013_2.pdf\" target=\"_blank\" rel=\"noopener noreferrer\">Kaivossanomat 2\/2013<\/a><br \/>\n<a href=\"https:\/\/agnicoeagle.fi\/wp-content\/uploads\/2016\/12\/Kaivossanomat_2013_1.pdf\" target=\"_blank\" rel=\"noopener noreferrer\">Kaivossanomat 1\/2013<\/a><\/p>\n<\/div><div class=\"nav fusion-mobile-tab-nav\"><ul class=\"nav-tabs nav-justified\" role=\"tablist\" aria-orientation=\"horizontal\"><li  role=\"presentation\"><a class=\"tab-link\" data-toggle=\"tab\" role=\"tab\" aria-controls=\"tab-9d05d96efd2d1b08934\" aria-selected=\"false\" tabindex=\"-1\" id=\"mobile-fusion-tab-9d05d96efd2d1b08934\" href=\"#tab-9d05d96efd2d1b08934\"><h4 class=\"fusion-tab-heading\">2012<\/h4><\/a><\/li><\/ul><\/div><div class=\"tab-pane fade fusion-clearfix\" role=\"tabpanel\" tabindex=\"0\" aria-labelledby=\"fusion-tab-9d05d96efd2d1b08934\" id=\"tab-9d05d96efd2d1b08934\">\n<p><a href=\"https:\/\/agnicoeagle.fi\/wp-content\/uploads\/2016\/12\/Kaivossanomat_2012_1.pdf\" target=\"_blank\" rel=\"noopener noreferrer\">Kaivossanomat 2012<\/a><\/p>\n<\/div><\/div><\/div><div class=\"fusion-clearfix\"><\/div><\/div><\/div><\/div><\/div>\n","protected":false},"excerpt":{"rendered":"","protected":false},"author":9,"featured_media":0,"parent":12427,"menu_order":0,"comment_status":"closed","ping_status":"closed","template":"","meta":{"_bbp_topic_count":0,"_bbp_reply_count":0,"_bbp_total_topic_count":0,"_bbp_total_reply_count":0,"_bbp_voice_count":0,"_bbp_anonymous_reply_count":0,"_bbp_topic_count_hidden":0,"_bbp_reply_count_hidden":0,"_bbp_forum_subforum_count":0,"footnotes":""},"class_list":["post-12440","page","type-page","status-publish","hentry"],"_links":{"self":[{"href":"https:\/\/agnicoeagle.fi\/fi\/wp-json\/wp\/v2\/pages\/12440","targetHints":{"allow":["GET"]}}],"collection":[{"href":"https:\/\/agnicoeagle.fi\/fi\/wp-json\/wp\/v2\/pages"}],"about":[{"href":"https:\/\/agnicoeagle.fi\/fi\/wp-json\/wp\/v2\/types\/page"}],"author":[{"embeddable":true,"href":"https:\/\/agnicoeagle.fi\/fi\/wp-json\/wp\/v2\/users\/9"}],"replies":[{"embeddable":true,"href":"https:\/\/agnicoeagle.fi\/fi\/wp-json\/wp\/v2\/comments?post=12440"}],"version-history":[{"count":0,"href":"https:\/\/agnicoeagle.fi\/fi\/wp-json\/wp\/v2\/pages\/12440\/revisions"}],"up":[{"embeddable":true,"href":"https:\/\/agnicoeagle.fi\/fi\/wp-json\/wp\/v2\/pages\/12427"}],"wp:attachment":[{"href":"https:\/\/agnicoeagle.fi\/fi\/wp-json\/wp\/v2\/media?parent=12440"}],"curies":[{"name":"wp","href":"https:\/\/api.w.org\/{rel}","templated":true}]}}