{"id":12638,"date":"2016-12-23T21:55:09","date_gmt":"2016-12-23T19:55:09","guid":{"rendered":"http:\/\/aemfinlandtest.wpengine.com\/?page_id=12638"},"modified":"2021-10-29T23:42:16","modified_gmt":"2021-10-29T20:42:16","slug":"videot","status":"publish","type":"page","link":"https:\/\/agnicoeagle.fi\/fi\/videot\/","title":{"rendered":"Videot"},"content":{"rendered":"<div class=\"fusion-fullwidth fullwidth-box fusion-builder-row-1 nonhundred-percent-fullwidth non-hundred-percent-height-scrolling\" style=\"--awb-border-radius-top-left:0px;--awb-border-radius-top-right:0px;--awb-border-radius-bottom-right:0px;--awb-border-radius-bottom-left:0px;--awb-padding-top:20px;--awb-padding-bottom:20px;--awb-flex-wrap:wrap;\" ><div class=\"fusion-builder-row fusion-row\"><div class=\"fusion-layout-column fusion_builder_column fusion-builder-column-0 fusion_builder_column_1_4 1_4 fusion-one-fourth fusion-column-first\" style=\"--awb-bg-size:cover;width:25%;width:calc(25% - ( ( 4% ) * 0.25 ) );margin-right: 4%;\"><div class=\"fusion-column-wrapper fusion-flex-column-wrapper-legacy\"><div class=\"fusion-title title fusion-title-1 fusion-title-text fusion-title-size-one\" style=\"--awb-margin-top-small:0px;--awb-margin-right-small:0px;--awb-margin-bottom-small:20px;--awb-margin-left-small:0px;\"><h1 class=\"fusion-title-heading title-heading-left fusion-responsive-typography-calculated\" style=\"margin:0;--fontSize:33;line-height:1.45;\"><p id=\"tw-target-text\" class=\"tw-data-text tw-ta tw-text-large\" dir=\"ltr\" data-placeholder=\"Translation\"><span lang=\"fi\">Tiedot<\/span><\/p><\/h1><span class=\"awb-title-spacer\"><\/span><div class=\"title-sep-container\"><div class=\"title-sep sep-double sep-solid\" style=\"border-color:#e0dede;\"><\/div><\/div><\/div><div class=\"fusion-text fusion-text-1\"><p>T\u00e4\u00e4lt\u00e4 l\u00f6yd\u00e4t kaikki Agnico Eagle Finlandiin liittyv\u00e4t videomme. Huomaa, ett\u00e4 videot ovat YouTube-palvelussa. Jos videot eiv\u00e4t n\u00e4y, varmista, ett\u00e4 k\u00e4yt\u00e4t sivustoamme sijainnista, joka sallii YouTuben k\u00e4yt\u00f6n.<\/p>\n<\/div><div class=\"fusion-clearfix\"><\/div><\/div><\/div><div class=\"fusion-layout-column fusion_builder_column fusion-builder-column-1 fusion_builder_column_3_4 3_4 fusion-three-fourth fusion-column-last\" style=\"--awb-bg-size:cover;width:75%;width:calc(75% - ( ( 4% ) * 0.75 ) );\"><div class=\"fusion-column-wrapper fusion-flex-column-wrapper-legacy\"><div class=\"fusion-title title fusion-title-2 fusion-title-center fusion-title-text fusion-title-size-one\" style=\"--awb-margin-top-small:0px;--awb-margin-right-small:0px;--awb-margin-bottom-small:20px;--awb-margin-left-small:0px;\"><div class=\"title-sep-container title-sep-container-left\"><div class=\"title-sep sep-double sep-solid\" style=\"border-color:#e0dede;\"><\/div><\/div><span class=\"awb-title-spacer\"><\/span><h1 class=\"fusion-title-heading title-heading-center fusion-responsive-typography-calculated\" style=\"margin:0;--fontSize:33;line-height:1.45;\">Videot<\/h1><span class=\"awb-title-spacer\"><\/span><div class=\"title-sep-container title-sep-container-right\"><div class=\"title-sep sep-double sep-solid\" style=\"border-color:#e0dede;\"><\/div><\/div><\/div><div class=\"fusion-text fusion-text-2\"><div id=\"my_video_gallery_wrapper_2\" class=\"clearfix gallery-video-content\"\r\n     data-gallery-video-id=\"2\" data-gallery-video-perpage=\"5\">\r\n\t<div id=\"my_video_gallery_2\"\r\n\t     class=\"clearfix my_video_gallery view-justified\">\r\n\t\t<input type=\"hidden\" id=\"total\" value=\"3\"\/>\r\n\t\t\t\t\t\t<a class=\"vyoutube huge_it_videogallery_item group1\"\r\n\t\t\t\t   href=\"https:\/\/www.youtube.com\/embed\/lpH2gbQm8EA\"\r\n\t\t\t\t   title=\"Kest\u00e4v\u00e4 kehitys Kittil\u00e4n kaivoksella\" data-id=\"46\">\r\n\t\t\t\t\t<img decoding=\"async\" src=\"\/\/img.youtube.com\/vi\/lpH2gbQm8EA\/mqdefault.jpg\"\r\n\t\t\t\t\t     alt=\"Kest\u00e4v\u00e4 kehitys Kittil\u00e4n kaivoksella\"\/>\r\n\t\t\t\t\t<div class=\"play-icon youtube-icon\"><\/div>\r\n\t\t\t\t<\/a>\r\n\t\t\t\t<input type=\"hidden\" class=\"pagenum\" value=\"1\"\/>\r\n\t\t\t\t\t\t\t<a class=\"vyoutube huge_it_videogallery_item group1\"\r\n\t\t\t\t   href=\"https:\/\/www.youtube.com\/embed\/P4kY0IdCTq4\"\r\n\t\t\t\t   title=\"Agnico Eagle Finland - Energiatehokkuus\" data-id=\"43\">\r\n\t\t\t\t\t<img decoding=\"async\" src=\"\/\/img.youtube.com\/vi\/P4kY0IdCTq4\/mqdefault.jpg\"\r\n\t\t\t\t\t     alt=\"Agnico Eagle Finland - Energiatehokkuus\"\/>\r\n\t\t\t\t\t<div class=\"play-icon youtube-icon\"><\/div>\r\n\t\t\t\t<\/a>\r\n\t\t\t\t<input type=\"hidden\" class=\"pagenum\" value=\"1\"\/>\r\n\t\t\t\t\t\t\t<a class=\"vyoutube huge_it_videogallery_item group1\"\r\n\t\t\t\t   href=\"https:\/\/www.youtube.com\/embed\/oBVnemUf5OI\"\r\n\t\t\t\t   title=\"Vuosi 2021 Kittil\u00e4n kaivoksella\" data-id=\"41\">\r\n\t\t\t\t\t<img decoding=\"async\" src=\"\/\/img.youtube.com\/vi\/oBVnemUf5OI\/mqdefault.jpg\"\r\n\t\t\t\t\t     alt=\"Vuosi 2021 Kittil\u00e4n kaivoksella\"\/>\r\n\t\t\t\t\t<div class=\"play-icon youtube-icon\"><\/div>\r\n\t\t\t\t<\/a>\r\n\t\t\t\t<input type=\"hidden\" class=\"pagenum\" value=\"1\"\/>\r\n\t\t\t\t\t\t\t<a class=\"vyoutube huge_it_videogallery_item group1\"\r\n\t\t\t\t   href=\"https:\/\/www.youtube.com\/embed\/6BnTg2yWjFs\"\r\n\t\t\t\t   title=\"Agnico Eagle Finland - We invest in the future\" data-id=\"40\">\r\n\t\t\t\t\t<img decoding=\"async\" src=\"\/\/img.youtube.com\/vi\/6BnTg2yWjFs\/mqdefault.jpg\"\r\n\t\t\t\t\t     alt=\"Agnico Eagle Finland - We invest in the future\"\/>\r\n\t\t\t\t\t<div class=\"play-icon youtube-icon\"><\/div>\r\n\t\t\t\t<\/a>\r\n\t\t\t\t<input type=\"hidden\" class=\"pagenum\" value=\"1\"\/>\r\n\t\t\t\t\t\t\t<a class=\"vyoutube huge_it_videogallery_item group1\"\r\n\t\t\t\t   href=\"https:\/\/www.youtube.com\/embed\/xyHGKt9B1rA\"\r\n\t\t\t\t   title=\"Agnico Eagle Finland Liikennevideo\" data-id=\"38\">\r\n\t\t\t\t\t<img decoding=\"async\" src=\"\/\/img.youtube.com\/vi\/xyHGKt9B1rA\/mqdefault.jpg\"\r\n\t\t\t\t\t     alt=\"Agnico Eagle Finland Liikennevideo\"\/>\r\n\t\t\t\t\t<div class=\"play-icon youtube-icon\"><\/div>\r\n\t\t\t\t<\/a>\r\n\t\t\t\t<input type=\"hidden\" class=\"pagenum\" value=\"1\"\/>\r\n\t\t\t\t\t\t\t<a class=\"vyoutube huge_it_videogallery_item group1\"\r\n\t\t\t\t   href=\"https:\/\/www.youtube.com\/embed\/dGMT26Wh7Ok\"\r\n\t\t\t\t   title=\"Agnico Eagle vuosi 2020\" data-id=\"36\">\r\n\t\t\t\t\t<img decoding=\"async\" src=\"\/\/img.youtube.com\/vi\/dGMT26Wh7Ok\/mqdefault.jpg\"\r\n\t\t\t\t\t     alt=\"Agnico Eagle vuosi 2020\"\/>\r\n\t\t\t\t\t<div class=\"play-icon youtube-icon\"><\/div>\r\n\t\t\t\t<\/a>\r\n\t\t\t\t<input type=\"hidden\" class=\"pagenum\" value=\"1\"\/>\r\n\t\t\t\t\t\t\t<a class=\"vyoutube huge_it_videogallery_item group1\"\r\n\t\t\t\t   href=\"https:\/\/www.youtube.com\/embed\/YD8pF5aGg6E\"\r\n\t\t\t\t   title=\"Agnico Eagle Ski World Cup Levi 2019\" data-id=\"34\">\r\n\t\t\t\t\t<img decoding=\"async\" src=\"\/\/img.youtube.com\/vi\/YD8pF5aGg6E\/mqdefault.jpg\"\r\n\t\t\t\t\t     alt=\"Agnico Eagle Ski World Cup Levi 2019\"\/>\r\n\t\t\t\t\t<div class=\"play-icon youtube-icon\"><\/div>\r\n\t\t\t\t<\/a>\r\n\t\t\t\t<input type=\"hidden\" class=\"pagenum\" value=\"1\"\/>\r\n\t\t\t\t\t\t\t<a class=\"vyoutube huge_it_videogallery_item group1\"\r\n\t\t\t\t   href=\"https:\/\/www.youtube.com\/embed\/6ybSJKomDPk\"\r\n\t\t\t\t   title=\"Agnico Eagle Finland -  Kittila Joulutervehdys 2016\" data-id=\"18\">\r\n\t\t\t\t\t<img decoding=\"async\" src=\"\/\/img.youtube.com\/vi\/6ybSJKomDPk\/mqdefault.jpg\"\r\n\t\t\t\t\t     alt=\"Agnico Eagle Finland -  Kittila Joulutervehdys 2016\"\/>\r\n\t\t\t\t\t<div class=\"play-icon youtube-icon\"><\/div>\r\n\t\t\t\t<\/a>\r\n\t\t\t\t<input type=\"hidden\" class=\"pagenum\" value=\"1\"\/>\r\n\t\t\t\t\t\t\t<a class=\"vyoutube huge_it_videogallery_item group1\"\r\n\t\t\t\t   href=\"https:\/\/www.youtube.com\/embed\/bzySmpB-ON0\"\r\n\t\t\t\t   title=\"Kittil\u00e4n Kaivos - 10v Juhlataideteos\" data-id=\"19\">\r\n\t\t\t\t\t<img decoding=\"async\" src=\"\/\/img.youtube.com\/vi\/bzySmpB-ON0\/mqdefault.jpg\"\r\n\t\t\t\t\t     alt=\"Kittil\u00e4n Kaivos - 10v Juhlataideteos\"\/>\r\n\t\t\t\t\t<div class=\"play-icon youtube-icon\"><\/div>\r\n\t\t\t\t<\/a>\r\n\t\t\t\t<input type=\"hidden\" class=\"pagenum\" value=\"1\"\/>\r\n\t\t\t\t\t\t\t<a class=\"vyoutube huge_it_videogallery_item group1\"\r\n\t\t\t\t   href=\"https:\/\/www.youtube.com\/embed\/ygnA3jRM6dg\"\r\n\t\t\t\t   title=\"Agnico Eagle Finland Oy - Perint\u00f6\" data-id=\"10\">\r\n\t\t\t\t\t<img decoding=\"async\" src=\"\/\/img.youtube.com\/vi\/ygnA3jRM6dg\/mqdefault.jpg\"\r\n\t\t\t\t\t     alt=\"Agnico Eagle Finland Oy - Perint\u00f6\"\/>\r\n\t\t\t\t\t<div class=\"play-icon youtube-icon\"><\/div>\r\n\t\t\t\t<\/a>\r\n\t\t\t\t<input type=\"hidden\" class=\"pagenum\" value=\"1\"\/>\r\n\t\t\t\t\t\t\t<a class=\"vyoutube huge_it_videogallery_item group1\"\r\n\t\t\t\t   href=\"https:\/\/www.youtube.com\/embed\/RrsO-l5MHcA\"\r\n\t\t\t\t   title=\"Kittil\u00e4n kaivos - Avoimien ovien p\u00e4iv\u00e4\" data-id=\"20\">\r\n\t\t\t\t\t<img decoding=\"async\" src=\"\/\/img.youtube.com\/vi\/RrsO-l5MHcA\/mqdefault.jpg\"\r\n\t\t\t\t\t     alt=\"Kittil\u00e4n kaivos - Avoimien ovien p\u00e4iv\u00e4\"\/>\r\n\t\t\t\t\t<div class=\"play-icon youtube-icon\"><\/div>\r\n\t\t\t\t<\/a>\r\n\t\t\t\t<input type=\"hidden\" class=\"pagenum\" value=\"1\"\/>\r\n\t\t\t\t<\/div>\r\n\t<\/div><style>\r\n.justified-gallery {\r\n\twidth: 100%;\r\n\tposition: relative;\r\n\toverflow: hidden;\r\n}\r\n.justified-gallery > a,\r\n.justified-gallery > div {\r\n\tposition: absolute;\r\n\tdisplay: inline-block;\r\n\topacity: 0;\r\n\toverflow:hidden;\r\n\tfilter: alpha(opacity=0);\r\n\t\/* IE8 or Earlier *\/\r\n}\r\n.justified-gallery > a > img,\r\n.justified-gallery > div > img {\r\n\tposition: absolute;\r\n\ttop: 50%;\r\n\tleft: 50%;\r\n\tpadding: 0;\r\n}\r\n.justified-gallery > a > .caption,\r\n.justified-gallery > div > .caption {\r\n\twidth: 100%;\r\n\tdisplay: none;\r\n\tposition: absolute;\r\n\tbottom: 0;\r\n\tpadding: 5px;\r\n\tleft: 0;\r\n\tright: 0;\r\n\tmargin: 0;\r\n\tcolor: #FFFFFF;\r\n\tfont-size: 18px;\r\n\tfont-weight: 300;\r\n\tfont-family: sans-serif;\r\n\tbackground:rgba(0,0,0,1)  !important;\r\n\r\n\toverflow: hidden;\r\n\ttext-overflow: ellipsis;\r\n\twhite-space:nowrap;\r\n}\r\n.justified-gallery > a > .caption.caption-visible,\r\n.justified-gallery > div > .caption.caption-visible {\r\n\tdisplay: initial;\r\n\topacity: 0.7;\r\n\tfilter: \"alpha(opacity=70)\";\r\n\t\/* IE8 or Earlier *\/\r\n\t-webkit-animation: justified-gallery-show-caption-animation 500ms 0 ease;\r\n\t-moz-animation: justified-gallery-show-caption-animation 500ms 0 ease;\r\n\t-ms-animation: justified-gallery-show-caption-animation 500ms 0 ease;\r\n}\r\n.justified-gallery > .entry-visible {\r\n\topacity: 1.0;\r\n\tfilter: alpha(opacity=100);\r\n\t\/* IE8 or Earlier *\/\r\n\t-webkit-animation: justified-gallery-show-entry-animation 300ms 0 ease;\r\n\t-moz-animation: justified-gallery-show-entry-animation 300ms 0 ease;\r\n\t-ms-animation: justified-gallery-show-entry-animation 300ms 0 ease;\r\n}\r\n.justified-gallery > .spinner {\r\n\tposition: absolute;\r\n\tbottom: 0;\r\n\tmargin-left: -24px;\r\n\tpadding: 10px 0 10px 0;\r\n\tleft: 50%;\r\n\topacity: initial;\r\n\tfilter: initial;\r\n\toverflow: initial;\r\n}\r\n.justified-gallery > .spinner > span {\r\n\tdisplay: inline-block;\r\n\topacity: 0;\r\n\tfilter: alpha(opacity=0);\r\n\t\/* IE8 or Earlier *\/\r\n\twidth: 8px;\r\n\theight: 8px;\r\n\tmargin: 0 4px 0 4px;\r\n\tbackground-color: #000;\r\n\tborder-top-left-radius: 6px;\r\n\tborder-top-right-radius: 6px;\r\n\tborder-bottom-right-radius: 6px;\r\n\tborder-bottom-left-radius: 6px;\r\n}\r\n.load_more2 {\r\n\tmargin: 10px 0;\r\n\tposition:relative;\r\n\ttext-align:center;\r\n\twidth:100%;\r\n}\r\n\r\n.load_more_button2 {\r\n\tborder-radius: 10px;\r\n\tdisplay:inline-block;\r\n\tpadding:5px 15px;\r\n\tfont-size:14px !important;;\r\n\tcolor:#FF1C1C !important;;\r\n\tbackground:#26A6FC !important;\r\n\tcursor:pointer;\r\n\r\n}\r\n.load_more_button2:hover{\r\n\tcolor:#FF4242 !important;\r\n\tbackground:#0FEFFF !important;\r\n}\r\n\r\n.loading2 {\r\n\tdisplay:none;\r\n}\r\n.paginate2{\r\n\tfont-size:18px !important;\r\n\tcolor:#26A6FC !important;\r\n\ttext-align: center;\r\n\tmargin-top: 25px;\r\n}\r\n.paginate2 a{\r\n\tborder-bottom: none !important;\r\n}\r\n.icon-style2{\r\n\tfont-size: 18px !important;\r\n\tcolor:#26A6FC !important;\r\n}\r\n.clear{\r\n\tclear:both;\r\n}\r\n.play-icon {\r\n\tposition:absolute;\r\n\ttop:0;\r\n\tleft:0;\r\n\twidth:100%;\r\n\theight:100%;\r\n}\r\n\r\n.play-icon.youtube-icon {background:url(https:\/\/agnicoeagle.fi\/wp-content\/plugins\/gallery-video\/assets\/images\/admin_images\/play.youtube.png) center center no-repeat;background-size:20%;}\r\n.play-icon.vimeo-icon {background:url(https:\/\/agnicoeagle.fi\/wp-content\/plugins\/gallery-video\/assets\/images\/admin_images\/play.vimeo.png) center center no-repeat;background-size:20%;}\r\n\r\n<\/style>\n<\/div><div class=\"fusion-clearfix\"><\/div><\/div><\/div><\/div><\/div>\n","protected":false},"excerpt":{"rendered":"","protected":false},"author":9,"featured_media":0,"parent":0,"menu_order":0,"comment_status":"closed","ping_status":"closed","template":"","meta":{"_bbp_topic_count":0,"_bbp_reply_count":0,"_bbp_total_topic_count":0,"_bbp_total_reply_count":0,"_bbp_voice_count":0,"_bbp_anonymous_reply_count":0,"_bbp_topic_count_hidden":0,"_bbp_reply_count_hidden":0,"_bbp_forum_subforum_count":0,"footnotes":""},"class_list":["post-12638","page","type-page","status-publish","hentry"],"_links":{"self":[{"href":"https:\/\/agnicoeagle.fi\/fi\/wp-json\/wp\/v2\/pages\/12638","targetHints":{"allow":["GET"]}}],"collection":[{"href":"https:\/\/agnicoeagle.fi\/fi\/wp-json\/wp\/v2\/pages"}],"about":[{"href":"https:\/\/agnicoeagle.fi\/fi\/wp-json\/wp\/v2\/types\/page"}],"author":[{"embeddable":true,"href":"https:\/\/agnicoeagle.fi\/fi\/wp-json\/wp\/v2\/users\/9"}],"replies":[{"embeddable":true,"href":"https:\/\/agnicoeagle.fi\/fi\/wp-json\/wp\/v2\/comments?post=12638"}],"version-history":[{"count":0,"href":"https:\/\/agnicoeagle.fi\/fi\/wp-json\/wp\/v2\/pages\/12638\/revisions"}],"wp:attachment":[{"href":"https:\/\/agnicoeagle.fi\/fi\/wp-json\/wp\/v2\/media?parent=12638"}],"curies":[{"name":"wp","href":"https:\/\/api.w.org\/{rel}","templated":true}]}}